{"id":11474,"date":"2022-07-12T10:06:36","date_gmt":"2022-07-12T10:06:36","guid":{"rendered":"https:\/\/cbd-maps.com\/?post_type=product&#038;p=11474"},"modified":"2024-03-20T11:13:35","modified_gmt":"2024-03-20T11:13:35","slug":"expertenhandel","status":"publish","type":"product","link":"https:\/\/cbd-maps.com\/de\/produit\/commerce-expert\/","title":{"rendered":"Handel (Experte)"},"content":{"rendered":"<table dir=\"ltr\" border=\"1\" cellspacing=\"0\" cellpadding=\"0\">\n<colgroup>\n<col width=\"284\" \/>\n<col width=\"434\" \/><\/colgroup>\n<tbody>\n<tr>\n<td data-sheets-value=\"{&quot;1&quot;:2,&quot;2&quot;:&quot;NOMBRE DE FICHES&quot;}\">ANZAHL DER KARTEIKARTEN<\/td>\n<td data-sheets-value=\"{&quot;1&quot;:3,&quot;3&quot;:3}\">3<\/td>\n<\/tr>\n<tr>\n<td data-sheets-value=\"{&quot;1&quot;:2,&quot;2&quot;:&quot;ABONEMENTS DISPONIBLES EN CONTRAT&quot;}\">VERF\u00dcGBARE ABONNEMENTS IN VERTR\u00c4GEN<\/td>\n<td data-sheets-value=\"{&quot;1&quot;:2,&quot;2&quot;:&quot;12 Mois | 24 Mois&quot;}\">12 Monate | 24 Monate<\/td>\n<\/tr>\n<tr>\n<td data-sheets-value=\"{&quot;1&quot;:2,&quot;2&quot;:&quot;D\u00c9FINIR CAT\u00c9GORIES&quot;}\">KATEGORIEN DEFINIEREN<\/td>\n<td data-sheets-value=\"{&quot;1&quot;:2,&quot;2&quot;:&quot;Au Choix, INCLUS&quot;}\">Nach Wahl, INKLUSIVE<\/td>\n<\/tr>\n<tr>\n<td data-sheets-value=\"{&quot;1&quot;:2,&quot;2&quot;:&quot;CUSTOMISER DESCRIPTION&quot;}\">CUSTOMIZATION DESCRIPTION<\/td>\n<td data-sheets-value=\"{&quot;1&quot;:2,&quot;2&quot;:&quot;INCLUS&quot;}\">INKLUSIVE<\/td>\n<\/tr>\n<tr>\n<td data-sheets-value=\"{&quot;1&quot;:2,&quot;2&quot;:&quot;D\u00c9FINIR LIEU (EMPLACEMENT)&quot;}\">ORT DEFINIEREN (STANDORT)<\/td>\n<td data-sheets-value=\"{&quot;1&quot;:2,&quot;2&quot;:&quot;INCLUS&quot;}\">INKLUSIVE<\/td>\n<\/tr>\n<tr>\n<td data-sheets-value=\"{&quot;1&quot;:2,&quot;2&quot;:&quot;G\u00c9RER AVIS&quot;}\">AVIS VERWALTEN<\/td>\n<td data-sheets-value=\"{&quot;1&quot;:2,&quot;2&quot;:&quot;INCLUS&quot;}\">INKLUSIVE<\/td>\n<\/tr>\n<tr>\n<td data-sheets-value=\"{&quot;1&quot;:2,&quot;2&quot;:&quot;CUSTOMISER FICHE(S) OPTION(S)&quot;}\">OPTIONSKARTE(N) ANPASSEN<\/td>\n<td data-sheets-value=\"{&quot;1&quot;:2,&quot;2&quot;:&quot;INCLUS : D\u00e9finir les options g\u00e9n\u00e9rales + extensions&quot;}\">INKLUSIVE: Allgemeine Optionen + Erweiterungen festlegen<\/td>\n<\/tr>\n<tr>\n<td data-sheets-value=\"{&quot;1&quot;:2,&quot;2&quot;:&quot;CUSTOMISER IMAGES&quot;}\">BILDER ANPASSEN<\/td>\n<td data-sheets-value=\"{&quot;1&quot;:2,&quot;2&quot;:&quot;INCLUS : Customiser Image de profil - Customiser Images Galeries&quot;}\">INKLUSIVE: Profilbild anpassen - Bilder anpassen Galerien<\/td>\n<\/tr>\n<tr>\n<td data-sheets-value=\"{&quot;1&quot;:2,&quot;2&quot;:&quot;D\u00c9FINIR INFO(S) DE CONTACT(S)&quot;}\">KONTAKTINFO(S) FESTLEGEN<\/td>\n<td data-sheets-value=\"{&quot;1&quot;:2,&quot;2&quot;:&quot;Toutes Options : D\u00c9BLOQUER&quot;}\">Alle Optionen : UNVERBINDLICH<\/td>\n<\/tr>\n<\/tbody>\n<\/table>","protected":false},"excerpt":{"rendered":"<p>F\u00fcr: Unternehmen wie GmbHs, Boutiquen, BIO-L\u00e4den, E-Commerce-Websites, Selbstst\u00e4ndige... <span class=\"JsGRdQ\">Mit der Stufe \"Experte\" k\u00f6nnen Sie ALLE Informationen \u00fcber Ihr Gesch\u00e4ft bearbeiten. Kategorie, Bild(er), Beschreibungen, Links...<\/span><\/p>\n<blockquote><p><strong>Ideal, wenn Sie ein kleines oder mittleres Unternehmen sind. Mit dieser Karteikarte k\u00f6nnen Sie drei CBD MAPS-Karten verwalten, jedoch mit den besonderen Vorteilen f\u00fcr H\u00e4ndler.<\/strong><\/p><\/blockquote>\n<p>In der Tabelle unten k\u00f6nnen Sie nachlesen, was Ihnen dieses Abonnement im Einzelnen bietet und\/oder die Bedingungen dieses Abonnements lesen. <a href=\"https:\/\/cbd-maps.com\/commercant-expert-abonnement-conditions\/\">ICI<\/a>.<\/p>\n<hr \/>\n<p><span style=\"color: #7d829f;\"><strong>Wenn Sie eine gro\u00dfe Anzahl von Gesch\u00e4ften oder Unternehmen verwalten, versuchen Sie es stattdessen mit <a href=\"https:\/\/cbd-maps.com\/abonnements\/\">das \"Verteiler\"-Abonnement<\/a><\/strong><\/span><\/p>","protected":false},"featured_media":13866,"template":"","meta":[],"product_brand":[],"product_cat":[368],"product_tag":[],"class_list":{"0":"post-11474","1":"product","2":"type-product","3":"status-publish","4":"has-post-thumbnail","6":"product_cat-abonnements-cbdmaps","8":"first","9":"instock","10":"shipping-taxable","11":"purchasable","12":"product-type-variable-subscription"},"yoast_head":"<!-- This site is optimized with the Yoast SEO plugin v27.3 - https:\/\/yoast.com\/product\/yoast-seo-wordpress\/ -->\n<title>Abonnements Commerce ? Customisez votre fiche CBDMAPS<\/title>\n<meta name=\"description\" content=\"Commerce : Cet abonnement vous permet de g\u00e9rer une seule fiche CBDMAPS, mais avec toutes les options de customisations d\u00e9bloqu\u00e9es.\" \/>\n<meta name=\"robots\" content=\"index, follow, max-snippet:-1, max-image-preview:large, max-video-preview:-1\" \/>\n<link rel=\"canonical\" href=\"https:\/\/cbd-maps.com\/de\/produkt\/expertenhandel\/\" \/>\n<meta property=\"og:locale\" content=\"de_DE\" \/>\n<meta property=\"og:type\" content=\"article\" \/>\n<meta property=\"og:title\" content=\"Abonnements Commerce ? Customisez votre fiche CBDMAPS\" \/>\n<meta property=\"og:description\" content=\"Commerce : Cet abonnement vous permet de g\u00e9rer une seule fiche CBDMAPS, mais avec toutes les options de customisations d\u00e9bloqu\u00e9es.\" \/>\n<meta property=\"og:url\" content=\"https:\/\/cbd-maps.com\/de\/produkt\/expertenhandel\/\" \/>\n<meta property=\"og:site_name\" content=\"CBDMAPS\" \/>\n<meta property=\"article:modified_time\" content=\"2024-03-20T11:13:35+00:00\" \/>\n<meta property=\"og:image\" content=\"https:\/\/cbd-maps.com\/wp-content\/uploads\/cover-COMPTE-COMMERCANT-EXPERT.png\" \/>\n\t<meta property=\"og:image:width\" content=\"810\" \/>\n\t<meta property=\"og:image:height\" content=\"810\" \/>\n\t<meta property=\"og:image:type\" content=\"image\/png\" \/>\n<meta name=\"twitter:card\" content=\"summary_large_image\" \/>\n<script type=\"application\/ld+json\" class=\"yoast-schema-graph\">{\"@context\":\"https:\\\/\\\/schema.org\",\"@graph\":[{\"@type\":\"WebPage\",\"@id\":\"https:\\\/\\\/cbd-maps.com\\\/produit\\\/commerce-expert\\\/\",\"url\":\"https:\\\/\\\/cbd-maps.com\\\/produit\\\/commerce-expert\\\/\",\"name\":\"Abonnements Commerce ? Customisez votre fiche CBDMAPS\",\"isPartOf\":{\"@id\":\"https:\\\/\\\/cbd-maps.com\\\/en\\\/#website\"},\"primaryImageOfPage\":{\"@id\":\"https:\\\/\\\/cbd-maps.com\\\/produit\\\/commerce-expert\\\/#primaryimage\"},\"image\":{\"@id\":\"https:\\\/\\\/cbd-maps.com\\\/produit\\\/commerce-expert\\\/#primaryimage\"},\"thumbnailUrl\":\"https:\\\/\\\/cbd-maps.com\\\/wp-content\\\/uploads\\\/cover-COMPTE-COMMERCANT-EXPERT.png\",\"datePublished\":\"2022-07-12T10:06:36+00:00\",\"dateModified\":\"2024-03-20T11:13:35+00:00\",\"description\":\"Commerce : Cet abonnement vous permet de g\u00e9rer une seule fiche CBDMAPS, mais avec toutes les options de customisations d\u00e9bloqu\u00e9es.\",\"breadcrumb\":{\"@id\":\"https:\\\/\\\/cbd-maps.com\\\/produit\\\/commerce-expert\\\/#breadcrumb\"},\"inLanguage\":\"de\",\"potentialAction\":[{\"@type\":\"ReadAction\",\"target\":[\"https:\\\/\\\/cbd-maps.com\\\/produit\\\/commerce-expert\\\/\"]}]},{\"@type\":\"ImageObject\",\"inLanguage\":\"de\",\"@id\":\"https:\\\/\\\/cbd-maps.com\\\/produit\\\/commerce-expert\\\/#primaryimage\",\"url\":\"https:\\\/\\\/cbd-maps.com\\\/wp-content\\\/uploads\\\/cover-COMPTE-COMMERCANT-EXPERT.png\",\"contentUrl\":\"https:\\\/\\\/cbd-maps.com\\\/wp-content\\\/uploads\\\/cover-COMPTE-COMMERCANT-EXPERT.png\",\"width\":810,\"height\":810},{\"@type\":\"BreadcrumbList\",\"@id\":\"https:\\\/\\\/cbd-maps.com\\\/produit\\\/commerce-expert\\\/#breadcrumb\",\"itemListElement\":[{\"@type\":\"ListItem\",\"position\":1,\"name\":\"Accueil\",\"item\":\"https:\\\/\\\/cbd-maps.com\\\/\"},{\"@type\":\"ListItem\",\"position\":2,\"name\":\"Shop\",\"item\":\"https:\\\/\\\/cbd-maps.com\\\/shop\\\/\"},{\"@type\":\"ListItem\",\"position\":3,\"name\":\"Commerce (Expert)\"}]},{\"@type\":\"WebSite\",\"@id\":\"https:\\\/\\\/cbd-maps.com\\\/en\\\/#website\",\"url\":\"https:\\\/\\\/cbd-maps.com\\\/en\\\/\",\"name\":\"CBDMAPS\",\"description\":\"Connecting Hemp People\",\"publisher\":{\"@id\":\"https:\\\/\\\/cbd-maps.com\\\/en\\\/#organization\"},\"alternateName\":\"CBD MAPS\",\"potentialAction\":[{\"@type\":\"SearchAction\",\"target\":{\"@type\":\"EntryPoint\",\"urlTemplate\":\"https:\\\/\\\/cbd-maps.com\\\/en\\\/?s={search_term_string}\"},\"query-input\":{\"@type\":\"PropertyValueSpecification\",\"valueRequired\":true,\"valueName\":\"search_term_string\"}}],\"inLanguage\":\"de\"},{\"@type\":\"Organization\",\"@id\":\"https:\\\/\\\/cbd-maps.com\\\/en\\\/#organization\",\"name\":\"CBDMAPS\",\"url\":\"https:\\\/\\\/cbd-maps.com\\\/en\\\/\",\"logo\":{\"@type\":\"ImageObject\",\"inLanguage\":\"de\",\"@id\":\"https:\\\/\\\/cbd-maps.com\\\/en\\\/#\\\/schema\\\/logo\\\/image\\\/\",\"url\":\"https:\\\/\\\/cbd-maps.com\\\/wp-content\\\/uploads\\\/CBDMAPS-TEXT-BASIC-LOGO-WHITE-1000x1000.png.png\",\"contentUrl\":\"https:\\\/\\\/cbd-maps.com\\\/wp-content\\\/uploads\\\/CBDMAPS-TEXT-BASIC-LOGO-WHITE-1000x1000.png.png\",\"width\":1000,\"height\":1000,\"caption\":\"CBDMAPS\"},\"image\":{\"@id\":\"https:\\\/\\\/cbd-maps.com\\\/en\\\/#\\\/schema\\\/logo\\\/image\\\/\"}}]}<\/script>\n<!-- \/ Yoast SEO plugin. -->","yoast_head_json":{"title":"Abonnements Handel ? Gestalten Sie Ihren CBDMAPS-Eintrag individuell","description":"Handel: Mit diesem Abonnement k\u00f6nnen Sie einen einzigen CBDMAPS-Eintrag verwalten, aber mit allen freigeschalteten Anpassungsoptionen.","robots":{"index":"index","follow":"follow","max-snippet":"max-snippet:-1","max-image-preview":"max-image-preview:large","max-video-preview":"max-video-preview:-1"},"canonical":"https:\/\/cbd-maps.com\/de\/produkt\/expertenhandel\/","og_locale":"de_DE","og_type":"article","og_title":"Abonnements Commerce ? Customisez votre fiche CBDMAPS","og_description":"Commerce : Cet abonnement vous permet de g\u00e9rer une seule fiche CBDMAPS, mais avec toutes les options de customisations d\u00e9bloqu\u00e9es.","og_url":"https:\/\/cbd-maps.com\/de\/produkt\/expertenhandel\/","og_site_name":"CBDMAPS","article_modified_time":"2024-03-20T11:13:35+00:00","og_image":[{"width":810,"height":810,"url":"https:\/\/cbd-maps.com\/wp-content\/uploads\/cover-COMPTE-COMMERCANT-EXPERT.png","type":"image\/png"}],"twitter_card":"summary_large_image","schema":{"@context":"https:\/\/schema.org","@graph":[{"@type":"WebPage","@id":"https:\/\/cbd-maps.com\/produit\/commerce-expert\/","url":"https:\/\/cbd-maps.com\/produit\/commerce-expert\/","name":"Abonnements Handel ? Gestalten Sie Ihren CBDMAPS-Eintrag individuell","isPartOf":{"@id":"https:\/\/cbd-maps.com\/en\/#website"},"primaryImageOfPage":{"@id":"https:\/\/cbd-maps.com\/produit\/commerce-expert\/#primaryimage"},"image":{"@id":"https:\/\/cbd-maps.com\/produit\/commerce-expert\/#primaryimage"},"thumbnailUrl":"https:\/\/cbd-maps.com\/wp-content\/uploads\/cover-COMPTE-COMMERCANT-EXPERT.png","datePublished":"2022-07-12T10:06:36+00:00","dateModified":"2024-03-20T11:13:35+00:00","description":"Handel: Mit diesem Abonnement k\u00f6nnen Sie einen einzigen CBDMAPS-Eintrag verwalten, aber mit allen freigeschalteten Anpassungsoptionen.","breadcrumb":{"@id":"https:\/\/cbd-maps.com\/produit\/commerce-expert\/#breadcrumb"},"inLanguage":"de","potentialAction":[{"@type":"ReadAction","target":["https:\/\/cbd-maps.com\/produit\/commerce-expert\/"]}]},{"@type":"ImageObject","inLanguage":"de","@id":"https:\/\/cbd-maps.com\/produit\/commerce-expert\/#primaryimage","url":"https:\/\/cbd-maps.com\/wp-content\/uploads\/cover-COMPTE-COMMERCANT-EXPERT.png","contentUrl":"https:\/\/cbd-maps.com\/wp-content\/uploads\/cover-COMPTE-COMMERCANT-EXPERT.png","width":810,"height":810},{"@type":"BreadcrumbList","@id":"https:\/\/cbd-maps.com\/produit\/commerce-expert\/#breadcrumb","itemListElement":[{"@type":"ListItem","position":1,"name":"Accueil","item":"https:\/\/cbd-maps.com\/"},{"@type":"ListItem","position":2,"name":"Shop","item":"https:\/\/cbd-maps.com\/shop\/"},{"@type":"ListItem","position":3,"name":"Commerce (Expert)"}]},{"@type":"WebSite","@id":"https:\/\/cbd-maps.com\/en\/#website","url":"https:\/\/cbd-maps.com\/en\/","name":"CBDMAPS","description":"Hemp People Connecting","publisher":{"@id":"https:\/\/cbd-maps.com\/en\/#organization"},"alternateName":"CBD MAPS","potentialAction":[{"@type":"SearchAction","target":{"@type":"EntryPoint","urlTemplate":"https:\/\/cbd-maps.com\/en\/?s={search_term_string}"},"query-input":{"@type":"PropertyValueSpecification","valueRequired":true,"valueName":"search_term_string"}}],"inLanguage":"de"},{"@type":"Organization","@id":"https:\/\/cbd-maps.com\/en\/#organization","name":"CBDMAPS","url":"https:\/\/cbd-maps.com\/en\/","logo":{"@type":"ImageObject","inLanguage":"de","@id":"https:\/\/cbd-maps.com\/en\/#\/schema\/logo\/image\/","url":"https:\/\/cbd-maps.com\/wp-content\/uploads\/CBDMAPS-TEXT-BASIC-LOGO-WHITE-1000x1000.png.png","contentUrl":"https:\/\/cbd-maps.com\/wp-content\/uploads\/CBDMAPS-TEXT-BASIC-LOGO-WHITE-1000x1000.png.png","width":1000,"height":1000,"caption":"CBDMAPS"},"image":{"@id":"https:\/\/cbd-maps.com\/en\/#\/schema\/logo\/image\/"}}]}},"_links":{"self":[{"href":"https:\/\/cbd-maps.com\/de\/wp-json\/wp\/v2\/product\/11474","targetHints":{"allow":["GET"]}}],"collection":[{"href":"https:\/\/cbd-maps.com\/de\/wp-json\/wp\/v2\/product"}],"about":[{"href":"https:\/\/cbd-maps.com\/de\/wp-json\/wp\/v2\/types\/product"}],"wp:featuredmedia":[{"embeddable":true,"href":"https:\/\/cbd-maps.com\/de\/wp-json\/wp\/v2\/media\/13866"}],"wp:attachment":[{"href":"https:\/\/cbd-maps.com\/de\/wp-json\/wp\/v2\/media?parent=11474"}],"wp:term":[{"taxonomy":"product_brand","embeddable":true,"href":"https:\/\/cbd-maps.com\/de\/wp-json\/wp\/v2\/product_brand?post=11474"},{"taxonomy":"product_cat","embeddable":true,"href":"https:\/\/cbd-maps.com\/de\/wp-json\/wp\/v2\/product_cat?post=11474"},{"taxonomy":"product_tag","embeddable":true,"href":"https:\/\/cbd-maps.com\/de\/wp-json\/wp\/v2\/product_tag?post=11474"}],"curies":[{"name":"wp","href":"https:\/\/api.w.org\/{rel}","templated":true}]}}