{"id":13849,"date":"2022-12-17T13:20:25","date_gmt":"2022-12-17T13:20:25","guid":{"rendered":"https:\/\/cbd-maps.com\/?post_type=product&#038;p=13849"},"modified":"2024-03-20T11:13:44","modified_gmt":"2024-03-20T11:13:44","slug":"abo-produzent-landwirt","status":"publish","type":"product","link":"https:\/\/cbd-maps.com\/de\/produit\/abo-producteur-agriculteur\/","title":{"rendered":"Produzent\/in - Landwirt\/in"},"content":{"rendered":"<table dir=\"ltr\" border=\"1\" cellspacing=\"0\" cellpadding=\"0\">\n<colgroup>\n<col width=\"307\" \/>\n<col width=\"434\" \/><\/colgroup>\n<tbody>\n<tr>\n<td data-sheets-value=\"{&quot;1&quot;:2,&quot;2&quot;:&quot;NOMBRE DE FICHES&quot;}\">ANZAHL DER KARTEIKARTEN<\/td>\n<td data-sheets-value=\"{&quot;1&quot;:2,&quot;2&quot;:&quot;1 FICHE&quot;}\">1 FICHE<\/td>\n<\/tr>\n<tr>\n<td data-sheets-value=\"{&quot;1&quot;:2,&quot;2&quot;:&quot;ABONEMENTS DISPONIBLES EN CONTRAT&quot;}\">IN VERTR\u00c4GEN ERH\u00c4LTLICHE ABONNEMENTS<\/td>\n<td data-sheets-value=\"{&quot;1&quot;:2,&quot;2&quot;:&quot;12 MOIS | 24 MOIS&quot;}\">12 MONATE | 24 MONATE<\/td>\n<\/tr>\n<tr>\n<td data-sheets-value=\"{&quot;1&quot;:2,&quot;2&quot;:&quot;D\u00c9FINIR CAT\u00c9GORIES&quot;}\">KATEGORIEN DEFINIEREN<\/td>\n<td data-sheets-value=\"{&quot;1&quot;:2,&quot;2&quot;:&quot;Verrouiller sur \\&quot;Producteur\\&quot;&quot;}\">Auf \"Produzent\" sperren<\/td>\n<\/tr>\n<tr>\n<td data-sheets-value=\"{&quot;1&quot;:2,&quot;2&quot;:&quot;CUSTOMISER DESCRIPTION&quot;}\">CUSTOMIZATION DESCRIPTION<\/td>\n<td data-sheets-value=\"{&quot;1&quot;:2,&quot;2&quot;:&quot;INCLUS&quot;}\">INKLUSIVE<\/td>\n<\/tr>\n<tr>\n<td data-sheets-value=\"{&quot;1&quot;:2,&quot;2&quot;:&quot;D\u00c9FINIR LIEU (EMPLACEMENT)&quot;}\">ORT DEFINIEREN (STANDORT)<\/td>\n<td data-sheets-value=\"{&quot;1&quot;:2,&quot;2&quot;:&quot;INCLUS&quot;}\">INKLUSIVE<\/td>\n<\/tr>\n<tr>\n<td data-sheets-value=\"{&quot;1&quot;:2,&quot;2&quot;:&quot;G\u00c9RER AVIS&quot;}\">AVIS VERWALTEN<\/td>\n<td data-sheets-value=\"{&quot;1&quot;:2,&quot;2&quot;:&quot;INCLUS&quot;}\">INKLUSIVE<\/td>\n<\/tr>\n<tr>\n<td data-sheets-value=\"{&quot;1&quot;:2,&quot;2&quot;:&quot;CUSTOMISER FICHE(S) OPTION(S)&quot;}\">OPTIONSKARTE(N) ANPASSEN<\/td>\n<td data-sheets-value=\"{&quot;1&quot;:2,&quot;2&quot;:&quot;INCLUS : D\u00e9finir Options g\u00e9n\u00e9rales + Extensions&quot;}\">INKLUSIVE: Allgemeine Einstellungen festlegen + Erweiterungen<\/td>\n<\/tr>\n<tr>\n<td data-sheets-value=\"{&quot;1&quot;:2,&quot;2&quot;:&quot;CUSTOMISER IMAGES&quot;}\">BILDER ANPASSEN<\/td>\n<td data-sheets-value=\"{&quot;1&quot;:2,&quot;2&quot;:&quot;INCLUS : Customiser Image de profil + Images Galeries&quot;}\">INKLUSIVE: Profilbild anpassen + Bilder Galerien<\/td>\n<\/tr>\n<tr>\n<td data-sheets-value=\"{&quot;1&quot;:2,&quot;2&quot;:&quot;D\u00c9FINIR INFO(S) DE CONTACT(S)&quot;}\">KONTAKTINFO(S) FESTLEGEN<\/td>\n<td data-sheets-value=\"{&quot;1&quot;:2,&quot;2&quot;:&quot;INCLUS : D\u00e9finir Contact | Localisation | Heures d\u2019ouverture&quot;}\">INKLUSIVE: Kontakt festlegen | Standort | \u00d6ffnungszeiten<\/td>\n<\/tr>\n<\/tbody>\n<\/table>","protected":false},"excerpt":{"rendered":"<p>Warum ist das so? Ein ma\u00dfgeschneidertes Abonnement f\u00fcr Produzenten und Landwirte! Sie k\u00f6nnen einen kompletten CBDMAPS-Eintrag mit Fotos, Links, Texten... erstellen.<\/p>\n<blockquote><p><strong>CBDMAPS unterst\u00fctzt die Produzenten mit einem Abonnement, das zwar einen niedrigen Preis hat, aber daf\u00fcr jede Menge Vorteile bietet!<\/strong><\/p><\/blockquote>\n<p>In der Tabelle unten k\u00f6nnen Sie nachlesen, was Ihnen dieses Abonnement im Einzelnen bietet und\/oder die Bedingungen dieses Abonnements lesen. <a href=\"https:\/\/cbd-maps.com\/producteur-abonnement-conditions\/\">ICI<\/a>.<\/p>\n<hr \/>\n<p><span style=\"color: #7d829f;\"><strong>Wenn Sie eine gro\u00dfe Anzahl von Gesch\u00e4ften oder Unternehmen verwalten, versuchen Sie es stattdessen mit <a href=\"https:\/\/cbd-maps.com\/abonnements\/\">das Abonnement \"H\u00e4ndler\" oder \"Verteiler\"<\/a><\/strong><\/span><\/p>","protected":false},"featured_media":13858,"template":"","meta":[],"product_brand":[],"product_cat":[368],"product_tag":[],"class_list":{"0":"post-13849","1":"product","2":"type-product","3":"status-publish","4":"has-post-thumbnail","6":"product_cat-abonnements-cbdmaps","8":"first","9":"instock","10":"sold-individually","11":"shipping-taxable","12":"purchasable","13":"product-type-variable-subscription"},"yoast_head":"<!-- This site is optimized with the Yoast SEO plugin v27.4 - https:\/\/yoast.com\/product\/yoast-seo-wordpress\/ -->\n<title>Abonnement Producteur\/Agriculteur ? Customisez vos fiches !<\/title>\n<meta name=\"description\" content=\"Abonnement Producteur\/Agriculteur ? Permet de g\u00e9rer une seule fiche CBD MAPS, mais avec des avantages exclusifs aux producteurs et agriculteurs\" \/>\n<meta name=\"robots\" content=\"index, follow, max-snippet:-1, max-image-preview:large, max-video-preview:-1\" \/>\n<link rel=\"canonical\" href=\"https:\/\/cbd-maps.com\/de\/produkt\/abo-produzent-landwirt\/\" \/>\n<meta property=\"og:locale\" content=\"de_DE\" \/>\n<meta property=\"og:type\" content=\"article\" \/>\n<meta property=\"og:title\" content=\"Abonnement Producteur\/Agriculteur ? Customisez vos fiches !\" \/>\n<meta property=\"og:description\" content=\"Abonnement Producteur\/Agriculteur ? Permet de g\u00e9rer une seule fiche CBD MAPS, mais avec des avantages exclusifs aux producteurs et agriculteurs\" \/>\n<meta property=\"og:url\" content=\"https:\/\/cbd-maps.com\/de\/produkt\/abo-produzent-landwirt\/\" \/>\n<meta property=\"og:site_name\" content=\"CBDMAPS\" \/>\n<meta property=\"article:modified_time\" content=\"2024-03-20T11:13:44+00:00\" \/>\n<meta property=\"og:image\" content=\"https:\/\/cbd-maps.com\/wp-content\/uploads\/COMPTE-PRODUCTEUR.png\" \/>\n\t<meta property=\"og:image:width\" content=\"810\" \/>\n\t<meta property=\"og:image:height\" content=\"810\" \/>\n\t<meta property=\"og:image:type\" content=\"image\/png\" \/>\n<meta name=\"twitter:card\" content=\"summary_large_image\" \/>\n<script type=\"application\/ld+json\" class=\"yoast-schema-graph\">{\"@context\":\"https:\\\/\\\/schema.org\",\"@graph\":[{\"@type\":\"WebPage\",\"@id\":\"https:\\\/\\\/cbd-maps.com\\\/produit\\\/abo-producteur-agriculteur\\\/\",\"url\":\"https:\\\/\\\/cbd-maps.com\\\/produit\\\/abo-producteur-agriculteur\\\/\",\"name\":\"Abonnement Producteur\\\/Agriculteur ? Customisez vos fiches !\",\"isPartOf\":{\"@id\":\"https:\\\/\\\/cbd-maps.com\\\/en\\\/#website\"},\"primaryImageOfPage\":{\"@id\":\"https:\\\/\\\/cbd-maps.com\\\/produit\\\/abo-producteur-agriculteur\\\/#primaryimage\"},\"image\":{\"@id\":\"https:\\\/\\\/cbd-maps.com\\\/produit\\\/abo-producteur-agriculteur\\\/#primaryimage\"},\"thumbnailUrl\":\"https:\\\/\\\/cbd-maps.com\\\/wp-content\\\/uploads\\\/COMPTE-PRODUCTEUR.png\",\"datePublished\":\"2022-12-17T13:20:25+00:00\",\"dateModified\":\"2024-03-20T11:13:44+00:00\",\"description\":\"Abonnement Producteur\\\/Agriculteur ? Permet de g\u00e9rer une seule fiche CBD MAPS, mais avec des avantages exclusifs aux producteurs et agriculteurs\",\"breadcrumb\":{\"@id\":\"https:\\\/\\\/cbd-maps.com\\\/produit\\\/abo-producteur-agriculteur\\\/#breadcrumb\"},\"inLanguage\":\"de\",\"potentialAction\":[{\"@type\":\"ReadAction\",\"target\":[\"https:\\\/\\\/cbd-maps.com\\\/produit\\\/abo-producteur-agriculteur\\\/\"]}]},{\"@type\":\"ImageObject\",\"inLanguage\":\"de\",\"@id\":\"https:\\\/\\\/cbd-maps.com\\\/produit\\\/abo-producteur-agriculteur\\\/#primaryimage\",\"url\":\"https:\\\/\\\/cbd-maps.com\\\/wp-content\\\/uploads\\\/COMPTE-PRODUCTEUR.png\",\"contentUrl\":\"https:\\\/\\\/cbd-maps.com\\\/wp-content\\\/uploads\\\/COMPTE-PRODUCTEUR.png\",\"width\":810,\"height\":810},{\"@type\":\"BreadcrumbList\",\"@id\":\"https:\\\/\\\/cbd-maps.com\\\/produit\\\/abo-producteur-agriculteur\\\/#breadcrumb\",\"itemListElement\":[{\"@type\":\"ListItem\",\"position\":1,\"name\":\"Accueil\",\"item\":\"https:\\\/\\\/cbd-maps.com\\\/\"},{\"@type\":\"ListItem\",\"position\":2,\"name\":\"Shop\",\"item\":\"https:\\\/\\\/cbd-maps.com\\\/shop\\\/\"},{\"@type\":\"ListItem\",\"position\":3,\"name\":\"Producteur &#8211; Agriculteur\"}]},{\"@type\":\"WebSite\",\"@id\":\"https:\\\/\\\/cbd-maps.com\\\/en\\\/#website\",\"url\":\"https:\\\/\\\/cbd-maps.com\\\/en\\\/\",\"name\":\"CBDMAPS\",\"description\":\"Connecting Hemp People\",\"publisher\":{\"@id\":\"https:\\\/\\\/cbd-maps.com\\\/en\\\/#organization\"},\"alternateName\":\"CBD MAPS\",\"potentialAction\":[{\"@type\":\"SearchAction\",\"target\":{\"@type\":\"EntryPoint\",\"urlTemplate\":\"https:\\\/\\\/cbd-maps.com\\\/en\\\/?s={search_term_string}\"},\"query-input\":{\"@type\":\"PropertyValueSpecification\",\"valueRequired\":true,\"valueName\":\"search_term_string\"}}],\"inLanguage\":\"de\"},{\"@type\":\"Organization\",\"@id\":\"https:\\\/\\\/cbd-maps.com\\\/en\\\/#organization\",\"name\":\"CBDMAPS\",\"url\":\"https:\\\/\\\/cbd-maps.com\\\/en\\\/\",\"logo\":{\"@type\":\"ImageObject\",\"inLanguage\":\"de\",\"@id\":\"https:\\\/\\\/cbd-maps.com\\\/en\\\/#\\\/schema\\\/logo\\\/image\\\/\",\"url\":\"https:\\\/\\\/cbd-maps.com\\\/wp-content\\\/uploads\\\/CBDMAPS-TEXT-BASIC-LOGO-WHITE-1000x1000.png.png\",\"contentUrl\":\"https:\\\/\\\/cbd-maps.com\\\/wp-content\\\/uploads\\\/CBDMAPS-TEXT-BASIC-LOGO-WHITE-1000x1000.png.png\",\"width\":1000,\"height\":1000,\"caption\":\"CBDMAPS\"},\"image\":{\"@id\":\"https:\\\/\\\/cbd-maps.com\\\/en\\\/#\\\/schema\\\/logo\\\/image\\\/\"}}]}<\/script>\n<!-- \/ Yoast SEO plugin. -->","yoast_head_json":{"title":"Abonnement Erzeuger\/Landwirt? Gestalten Sie Ihre Karteikarten individuell!","description":"Abonnement f\u00fcr Erzeuger\/Landwirte? Erm\u00f6glicht die Verwaltung eines einzigen CBD MAPS-Eintrags, aber mit exklusiven Vorteilen f\u00fcr Erzeuger und Landwirte","robots":{"index":"index","follow":"follow","max-snippet":"max-snippet:-1","max-image-preview":"max-image-preview:large","max-video-preview":"max-video-preview:-1"},"canonical":"https:\/\/cbd-maps.com\/de\/produkt\/abo-produzent-landwirt\/","og_locale":"de_DE","og_type":"article","og_title":"Abonnement Producteur\/Agriculteur ? Customisez vos fiches !","og_description":"Abonnement Producteur\/Agriculteur ? Permet de g\u00e9rer une seule fiche CBD MAPS, mais avec des avantages exclusifs aux producteurs et agriculteurs","og_url":"https:\/\/cbd-maps.com\/de\/produkt\/abo-produzent-landwirt\/","og_site_name":"CBDMAPS","article_modified_time":"2024-03-20T11:13:44+00:00","og_image":[{"width":810,"height":810,"url":"https:\/\/cbd-maps.com\/wp-content\/uploads\/COMPTE-PRODUCTEUR.png","type":"image\/png"}],"twitter_card":"summary_large_image","schema":{"@context":"https:\/\/schema.org","@graph":[{"@type":"WebPage","@id":"https:\/\/cbd-maps.com\/produit\/abo-producteur-agriculteur\/","url":"https:\/\/cbd-maps.com\/produit\/abo-producteur-agriculteur\/","name":"Abonnement Erzeuger\/Landwirt? Gestalten Sie Ihre Karteikarten individuell!","isPartOf":{"@id":"https:\/\/cbd-maps.com\/en\/#website"},"primaryImageOfPage":{"@id":"https:\/\/cbd-maps.com\/produit\/abo-producteur-agriculteur\/#primaryimage"},"image":{"@id":"https:\/\/cbd-maps.com\/produit\/abo-producteur-agriculteur\/#primaryimage"},"thumbnailUrl":"https:\/\/cbd-maps.com\/wp-content\/uploads\/COMPTE-PRODUCTEUR.png","datePublished":"2022-12-17T13:20:25+00:00","dateModified":"2024-03-20T11:13:44+00:00","description":"Abonnement f\u00fcr Erzeuger\/Landwirte? Erm\u00f6glicht die Verwaltung eines einzigen CBD MAPS-Eintrags, aber mit exklusiven Vorteilen f\u00fcr Erzeuger und Landwirte","breadcrumb":{"@id":"https:\/\/cbd-maps.com\/produit\/abo-producteur-agriculteur\/#breadcrumb"},"inLanguage":"de","potentialAction":[{"@type":"ReadAction","target":["https:\/\/cbd-maps.com\/produit\/abo-producteur-agriculteur\/"]}]},{"@type":"ImageObject","inLanguage":"de","@id":"https:\/\/cbd-maps.com\/produit\/abo-producteur-agriculteur\/#primaryimage","url":"https:\/\/cbd-maps.com\/wp-content\/uploads\/COMPTE-PRODUCTEUR.png","contentUrl":"https:\/\/cbd-maps.com\/wp-content\/uploads\/COMPTE-PRODUCTEUR.png","width":810,"height":810},{"@type":"BreadcrumbList","@id":"https:\/\/cbd-maps.com\/produit\/abo-producteur-agriculteur\/#breadcrumb","itemListElement":[{"@type":"ListItem","position":1,"name":"Accueil","item":"https:\/\/cbd-maps.com\/"},{"@type":"ListItem","position":2,"name":"Shop","item":"https:\/\/cbd-maps.com\/shop\/"},{"@type":"ListItem","position":3,"name":"Producteur &#8211; Agriculteur"}]},{"@type":"WebSite","@id":"https:\/\/cbd-maps.com\/en\/#website","url":"https:\/\/cbd-maps.com\/en\/","name":"CBDMAPS","description":"Hemp People Connecting","publisher":{"@id":"https:\/\/cbd-maps.com\/en\/#organization"},"alternateName":"CBD MAPS","potentialAction":[{"@type":"SearchAction","target":{"@type":"EntryPoint","urlTemplate":"https:\/\/cbd-maps.com\/en\/?s={search_term_string}"},"query-input":{"@type":"PropertyValueSpecification","valueRequired":true,"valueName":"search_term_string"}}],"inLanguage":"de"},{"@type":"Organization","@id":"https:\/\/cbd-maps.com\/en\/#organization","name":"CBDMAPS","url":"https:\/\/cbd-maps.com\/en\/","logo":{"@type":"ImageObject","inLanguage":"de","@id":"https:\/\/cbd-maps.com\/en\/#\/schema\/logo\/image\/","url":"https:\/\/cbd-maps.com\/wp-content\/uploads\/CBDMAPS-TEXT-BASIC-LOGO-WHITE-1000x1000.png.png","contentUrl":"https:\/\/cbd-maps.com\/wp-content\/uploads\/CBDMAPS-TEXT-BASIC-LOGO-WHITE-1000x1000.png.png","width":1000,"height":1000,"caption":"CBDMAPS"},"image":{"@id":"https:\/\/cbd-maps.com\/en\/#\/schema\/logo\/image\/"}}]}},"_links":{"self":[{"href":"https:\/\/cbd-maps.com\/de\/wp-json\/wp\/v2\/product\/13849","targetHints":{"allow":["GET"]}}],"collection":[{"href":"https:\/\/cbd-maps.com\/de\/wp-json\/wp\/v2\/product"}],"about":[{"href":"https:\/\/cbd-maps.com\/de\/wp-json\/wp\/v2\/types\/product"}],"wp:featuredmedia":[{"embeddable":true,"href":"https:\/\/cbd-maps.com\/de\/wp-json\/wp\/v2\/media\/13858"}],"wp:attachment":[{"href":"https:\/\/cbd-maps.com\/de\/wp-json\/wp\/v2\/media?parent=13849"}],"wp:term":[{"taxonomy":"product_brand","embeddable":true,"href":"https:\/\/cbd-maps.com\/de\/wp-json\/wp\/v2\/product_brand?post=13849"},{"taxonomy":"product_cat","embeddable":true,"href":"https:\/\/cbd-maps.com\/de\/wp-json\/wp\/v2\/product_cat?post=13849"},{"taxonomy":"product_tag","embeddable":true,"href":"https:\/\/cbd-maps.com\/de\/wp-json\/wp\/v2\/product_tag?post=13849"}],"curies":[{"name":"wp","href":"https:\/\/api.w.org\/{rel}","templated":true}]}}