{"id":11473,"date":"2022-07-12T10:06:10","date_gmt":"2022-07-12T10:06:10","guid":{"rendered":"https:\/\/cbd-maps.com\/?post_type=product&#038;p=11473"},"modified":"2024-03-20T11:13:33","modified_gmt":"2024-03-20T11:13:33","slug":"dispensador-de-10-unidades","status":"publish","type":"product","link":"https:\/\/cbd-maps.com\/es\/produit\/distributeur-10-items\/","title":{"rendered":"Dispensador (10 art\u00edculos)"},"content":{"rendered":"","protected":false},"excerpt":{"rendered":"<p>\u00bfDirige varias tiendas? \u00bfEs usted un distribuidor que necesita listar varias empresas? Entonces esta suscripci\u00f3n es para usted.<\/p>\n<p>&nbsp;<\/p>\n<blockquote><p><strong>Con la suscripci\u00f3n \"Distribuidor x 10\" de CBD MAPS, podr\u00e1 gestionar hasta 10 listados de empresas y disponer de m\u00e1s opciones de personalizaci\u00f3n para cada uno de ellos.<\/strong><\/p><\/blockquote>\n<p>&nbsp;<\/p>\n<p>Puede consultar la tabla siguiente para ver los detalles de lo que le ofrece esta suscripci\u00f3n y\/o leer las condiciones de la misma. <a href=\"https:\/\/cbd-maps.com\/abonnement-distributeur-x-10-conditions\/\">ICI<\/a>.<\/p>\n<hr \/>\n<p><span style=\"color: #7d829f;\"><b>Si es empresario aut\u00f3nomo, productor o gerente de un \u00fanico comercio, opte por <a href=\"https:\/\/cbd-maps.com\/abonnements\/\">suscripci\u00f3n \"comerciante<\/a><\/b><\/span><\/p>","protected":false},"featured_media":13861,"template":"","meta":[],"product_brand":[],"product_cat":[368],"product_tag":[],"class_list":{"0":"post-11473","1":"product","2":"type-product","3":"status-publish","4":"has-post-thumbnail","6":"product_cat-abonnements-cbdmaps","8":"first","9":"instock","10":"shipping-taxable","11":"purchasable","12":"product-type-variable-subscription"},"yoast_head":"<!-- This site is optimized with the Yoast SEO plugin v27.4 - https:\/\/yoast.com\/product\/yoast-seo-wordpress\/ -->\n<title>Abonnement Distributeur ? Customisez 10 fiches CBDMAPS !<\/title>\n<meta name=\"description\" content=\"Abonnement Distributeur ? Images, Horaire d&#039;ouverture, Liens, Cat\u00e9gories, Avis... Customisez 10 fiches CBDMAPS comme bon vous semble !\" \/>\n<meta name=\"robots\" content=\"index, follow, max-snippet:-1, max-image-preview:large, max-video-preview:-1\" \/>\n<link rel=\"canonical\" href=\"https:\/\/cbd-maps.com\/es\/producto\/dispensador-de-10-unidades\/\" \/>\n<meta property=\"og:locale\" content=\"es_ES\" \/>\n<meta property=\"og:type\" content=\"article\" \/>\n<meta property=\"og:title\" content=\"Abonnement Distributeur ? Customisez 10 fiches CBDMAPS !\" \/>\n<meta property=\"og:description\" content=\"Abonnement Distributeur ? Images, Horaire d&#039;ouverture, Liens, Cat\u00e9gories, Avis... Customisez 10 fiches CBDMAPS comme bon vous semble !\" \/>\n<meta property=\"og:url\" content=\"https:\/\/cbd-maps.com\/es\/producto\/dispensador-de-10-unidades\/\" \/>\n<meta property=\"og:site_name\" content=\"CBDMAPS\" \/>\n<meta property=\"article:modified_time\" content=\"2024-03-20T11:13:33+00:00\" \/>\n<meta property=\"og:image\" content=\"https:\/\/cbd-maps.com\/wp-content\/uploads\/COMPTE-DISTRIBUTEUR-x10.png\" \/>\n\t<meta property=\"og:image:width\" content=\"810\" \/>\n\t<meta property=\"og:image:height\" content=\"810\" \/>\n\t<meta property=\"og:image:type\" content=\"image\/png\" \/>\n<meta name=\"twitter:card\" content=\"summary_large_image\" \/>\n<script type=\"application\/ld+json\" class=\"yoast-schema-graph\">{\"@context\":\"https:\\\/\\\/schema.org\",\"@graph\":[{\"@type\":\"WebPage\",\"@id\":\"https:\\\/\\\/cbd-maps.com\\\/produit\\\/distributeur-10-items\\\/\",\"url\":\"https:\\\/\\\/cbd-maps.com\\\/produit\\\/distributeur-10-items\\\/\",\"name\":\"Abonnement Distributeur ? Customisez 10 fiches CBDMAPS !\",\"isPartOf\":{\"@id\":\"https:\\\/\\\/cbd-maps.com\\\/en\\\/#website\"},\"primaryImageOfPage\":{\"@id\":\"https:\\\/\\\/cbd-maps.com\\\/produit\\\/distributeur-10-items\\\/#primaryimage\"},\"image\":{\"@id\":\"https:\\\/\\\/cbd-maps.com\\\/produit\\\/distributeur-10-items\\\/#primaryimage\"},\"thumbnailUrl\":\"https:\\\/\\\/cbd-maps.com\\\/wp-content\\\/uploads\\\/COMPTE-DISTRIBUTEUR-x10.png\",\"datePublished\":\"2022-07-12T10:06:10+00:00\",\"dateModified\":\"2024-03-20T11:13:33+00:00\",\"description\":\"Abonnement Distributeur ? Images, Horaire d'ouverture, Liens, Cat\u00e9gories, Avis... Customisez 10 fiches CBDMAPS comme bon vous semble !\",\"breadcrumb\":{\"@id\":\"https:\\\/\\\/cbd-maps.com\\\/produit\\\/distributeur-10-items\\\/#breadcrumb\"},\"inLanguage\":\"es\",\"potentialAction\":[{\"@type\":\"ReadAction\",\"target\":[\"https:\\\/\\\/cbd-maps.com\\\/produit\\\/distributeur-10-items\\\/\"]}]},{\"@type\":\"ImageObject\",\"inLanguage\":\"es\",\"@id\":\"https:\\\/\\\/cbd-maps.com\\\/produit\\\/distributeur-10-items\\\/#primaryimage\",\"url\":\"https:\\\/\\\/cbd-maps.com\\\/wp-content\\\/uploads\\\/COMPTE-DISTRIBUTEUR-x10.png\",\"contentUrl\":\"https:\\\/\\\/cbd-maps.com\\\/wp-content\\\/uploads\\\/COMPTE-DISTRIBUTEUR-x10.png\",\"width\":810,\"height\":810},{\"@type\":\"BreadcrumbList\",\"@id\":\"https:\\\/\\\/cbd-maps.com\\\/produit\\\/distributeur-10-items\\\/#breadcrumb\",\"itemListElement\":[{\"@type\":\"ListItem\",\"position\":1,\"name\":\"Accueil\",\"item\":\"https:\\\/\\\/cbd-maps.com\\\/\"},{\"@type\":\"ListItem\",\"position\":2,\"name\":\"Shop\",\"item\":\"https:\\\/\\\/cbd-maps.com\\\/shop\\\/\"},{\"@type\":\"ListItem\",\"position\":3,\"name\":\"Distributeur (10 items)\"}]},{\"@type\":\"WebSite\",\"@id\":\"https:\\\/\\\/cbd-maps.com\\\/en\\\/#website\",\"url\":\"https:\\\/\\\/cbd-maps.com\\\/en\\\/\",\"name\":\"CBDMAPS\",\"description\":\"Connecting Hemp People\",\"publisher\":{\"@id\":\"https:\\\/\\\/cbd-maps.com\\\/en\\\/#organization\"},\"alternateName\":\"CBD MAPS\",\"potentialAction\":[{\"@type\":\"SearchAction\",\"target\":{\"@type\":\"EntryPoint\",\"urlTemplate\":\"https:\\\/\\\/cbd-maps.com\\\/en\\\/?s={search_term_string}\"},\"query-input\":{\"@type\":\"PropertyValueSpecification\",\"valueRequired\":true,\"valueName\":\"search_term_string\"}}],\"inLanguage\":\"es\"},{\"@type\":\"Organization\",\"@id\":\"https:\\\/\\\/cbd-maps.com\\\/en\\\/#organization\",\"name\":\"CBDMAPS\",\"url\":\"https:\\\/\\\/cbd-maps.com\\\/en\\\/\",\"logo\":{\"@type\":\"ImageObject\",\"inLanguage\":\"es\",\"@id\":\"https:\\\/\\\/cbd-maps.com\\\/en\\\/#\\\/schema\\\/logo\\\/image\\\/\",\"url\":\"https:\\\/\\\/cbd-maps.com\\\/wp-content\\\/uploads\\\/CBDMAPS-TEXT-BASIC-LOGO-WHITE-1000x1000.png.png\",\"contentUrl\":\"https:\\\/\\\/cbd-maps.com\\\/wp-content\\\/uploads\\\/CBDMAPS-TEXT-BASIC-LOGO-WHITE-1000x1000.png.png\",\"width\":1000,\"height\":1000,\"caption\":\"CBDMAPS\"},\"image\":{\"@id\":\"https:\\\/\\\/cbd-maps.com\\\/en\\\/#\\\/schema\\\/logo\\\/image\\\/\"}}]}<\/script>\n<!-- \/ Yoast SEO plugin. -->","yoast_head_json":{"title":"Suscripci\u00f3n de distribuidor ? \u00a1Personalice 10 tarjetas CBDMAPS!","description":"Suscripci\u00f3n de distribuidor ? Im\u00e1genes, Horarios, Enlaces, Categor\u00edas, Rese\u00f1as... \u00a1Personalice 10 archivos CBDMAPS como desee!","robots":{"index":"index","follow":"follow","max-snippet":"max-snippet:-1","max-image-preview":"max-image-preview:large","max-video-preview":"max-video-preview:-1"},"canonical":"https:\/\/cbd-maps.com\/es\/producto\/dispensador-de-10-unidades\/","og_locale":"es_ES","og_type":"article","og_title":"Abonnement Distributeur ? Customisez 10 fiches CBDMAPS !","og_description":"Abonnement Distributeur ? Images, Horaire d'ouverture, Liens, Cat\u00e9gories, Avis... Customisez 10 fiches CBDMAPS comme bon vous semble !","og_url":"https:\/\/cbd-maps.com\/es\/producto\/dispensador-de-10-unidades\/","og_site_name":"CBDMAPS","article_modified_time":"2024-03-20T11:13:33+00:00","og_image":[{"width":810,"height":810,"url":"https:\/\/cbd-maps.com\/wp-content\/uploads\/COMPTE-DISTRIBUTEUR-x10.png","type":"image\/png"}],"twitter_card":"summary_large_image","schema":{"@context":"https:\/\/schema.org","@graph":[{"@type":"WebPage","@id":"https:\/\/cbd-maps.com\/produit\/distributeur-10-items\/","url":"https:\/\/cbd-maps.com\/produit\/distributeur-10-items\/","name":"Suscripci\u00f3n de distribuidor ? \u00a1Personalice 10 tarjetas CBDMAPS!","isPartOf":{"@id":"https:\/\/cbd-maps.com\/en\/#website"},"primaryImageOfPage":{"@id":"https:\/\/cbd-maps.com\/produit\/distributeur-10-items\/#primaryimage"},"image":{"@id":"https:\/\/cbd-maps.com\/produit\/distributeur-10-items\/#primaryimage"},"thumbnailUrl":"https:\/\/cbd-maps.com\/wp-content\/uploads\/COMPTE-DISTRIBUTEUR-x10.png","datePublished":"2022-07-12T10:06:10+00:00","dateModified":"2024-03-20T11:13:33+00:00","description":"Suscripci\u00f3n de distribuidor ? Im\u00e1genes, Horarios, Enlaces, Categor\u00edas, Rese\u00f1as... \u00a1Personalice 10 archivos CBDMAPS como desee!","breadcrumb":{"@id":"https:\/\/cbd-maps.com\/produit\/distributeur-10-items\/#breadcrumb"},"inLanguage":"es","potentialAction":[{"@type":"ReadAction","target":["https:\/\/cbd-maps.com\/produit\/distributeur-10-items\/"]}]},{"@type":"ImageObject","inLanguage":"es","@id":"https:\/\/cbd-maps.com\/produit\/distributeur-10-items\/#primaryimage","url":"https:\/\/cbd-maps.com\/wp-content\/uploads\/COMPTE-DISTRIBUTEUR-x10.png","contentUrl":"https:\/\/cbd-maps.com\/wp-content\/uploads\/COMPTE-DISTRIBUTEUR-x10.png","width":810,"height":810},{"@type":"BreadcrumbList","@id":"https:\/\/cbd-maps.com\/produit\/distributeur-10-items\/#breadcrumb","itemListElement":[{"@type":"ListItem","position":1,"name":"Accueil","item":"https:\/\/cbd-maps.com\/"},{"@type":"ListItem","position":2,"name":"Shop","item":"https:\/\/cbd-maps.com\/shop\/"},{"@type":"ListItem","position":3,"name":"Distributeur (10 items)"}]},{"@type":"WebSite","@id":"https:\/\/cbd-maps.com\/en\/#website","url":"https:\/\/cbd-maps.com\/en\/","name":"CBDMAPS","description":"Conectando a la gente del c\u00e1\u00f1amo","publisher":{"@id":"https:\/\/cbd-maps.com\/en\/#organization"},"alternateName":"CBD MAPS","potentialAction":[{"@type":"SearchAction","target":{"@type":"EntryPoint","urlTemplate":"https:\/\/cbd-maps.com\/en\/?s={search_term_string}"},"query-input":{"@type":"PropertyValueSpecification","valueRequired":true,"valueName":"search_term_string"}}],"inLanguage":"es"},{"@type":"Organization","@id":"https:\/\/cbd-maps.com\/en\/#organization","name":"CBDMAPS","url":"https:\/\/cbd-maps.com\/en\/","logo":{"@type":"ImageObject","inLanguage":"es","@id":"https:\/\/cbd-maps.com\/en\/#\/schema\/logo\/image\/","url":"https:\/\/cbd-maps.com\/wp-content\/uploads\/CBDMAPS-TEXT-BASIC-LOGO-WHITE-1000x1000.png.png","contentUrl":"https:\/\/cbd-maps.com\/wp-content\/uploads\/CBDMAPS-TEXT-BASIC-LOGO-WHITE-1000x1000.png.png","width":1000,"height":1000,"caption":"CBDMAPS"},"image":{"@id":"https:\/\/cbd-maps.com\/en\/#\/schema\/logo\/image\/"}}]}},"_links":{"self":[{"href":"https:\/\/cbd-maps.com\/es\/wp-json\/wp\/v2\/product\/11473","targetHints":{"allow":["GET"]}}],"collection":[{"href":"https:\/\/cbd-maps.com\/es\/wp-json\/wp\/v2\/product"}],"about":[{"href":"https:\/\/cbd-maps.com\/es\/wp-json\/wp\/v2\/types\/product"}],"wp:featuredmedia":[{"embeddable":true,"href":"https:\/\/cbd-maps.com\/es\/wp-json\/wp\/v2\/media\/13861"}],"wp:attachment":[{"href":"https:\/\/cbd-maps.com\/es\/wp-json\/wp\/v2\/media?parent=11473"}],"wp:term":[{"taxonomy":"product_brand","embeddable":true,"href":"https:\/\/cbd-maps.com\/es\/wp-json\/wp\/v2\/product_brand?post=11473"},{"taxonomy":"product_cat","embeddable":true,"href":"https:\/\/cbd-maps.com\/es\/wp-json\/wp\/v2\/product_cat?post=11473"},{"taxonomy":"product_tag","embeddable":true,"href":"https:\/\/cbd-maps.com\/es\/wp-json\/wp\/v2\/product_tag?post=11473"}],"curies":[{"name":"wp","href":"https:\/\/api.w.org\/{rel}","templated":true}]}}