{"id":13849,"date":"2022-12-17T13:20:25","date_gmt":"2022-12-17T13:20:25","guid":{"rendered":"https:\/\/cbd-maps.com\/?post_type=product&#038;p=13849"},"modified":"2024-03-20T11:13:44","modified_gmt":"2024-03-20T11:13:44","slug":"abo-productor-agricultor","status":"publish","type":"product","link":"https:\/\/cbd-maps.com\/es\/produit\/abo-producteur-agriculteur\/","title":{"rendered":"Productor - Agricultor"},"content":{"rendered":"<table dir=\"ltr\" border=\"1\" cellspacing=\"0\" cellpadding=\"0\">\n<colgroup>\n<col width=\"307\" \/>\n<col width=\"434\" \/><\/colgroup>\n<tbody>\n<tr>\n<td data-sheets-value=\"{&quot;1&quot;:2,&quot;2&quot;:&quot;NOMBRE DE FICHES&quot;}\">N\u00daMERO DE TARJETAS<\/td>\n<td data-sheets-value=\"{&quot;1&quot;:2,&quot;2&quot;:&quot;1 FICHE&quot;}\">1 HOJA<\/td>\n<\/tr>\n<tr>\n<td data-sheets-value=\"{&quot;1&quot;:2,&quot;2&quot;:&quot;ABONEMENTS DISPONIBLES EN CONTRAT&quot;}\">SUSCRIPCIONES DISPONIBLES POR CONTRATO<\/td>\n<td data-sheets-value=\"{&quot;1&quot;:2,&quot;2&quot;:&quot;12 MOIS | 24 MOIS&quot;}\">12 MESES | 24 MESES<\/td>\n<\/tr>\n<tr>\n<td data-sheets-value=\"{&quot;1&quot;:2,&quot;2&quot;:&quot;D\u00c9FINIR CAT\u00c9GORIES&quot;}\">DEFINIR CATEGOR\u00cdAS<\/td>\n<td data-sheets-value=\"{&quot;1&quot;:2,&quot;2&quot;:&quot;Verrouiller sur \\&quot;Producteur\\&quot;&quot;}\">Bloqueo en \"Productor<\/td>\n<\/tr>\n<tr>\n<td data-sheets-value=\"{&quot;1&quot;:2,&quot;2&quot;:&quot;CUSTOMISER DESCRIPTION&quot;}\">PERSONALIZAR DESCRIPCI\u00d3N<\/td>\n<td data-sheets-value=\"{&quot;1&quot;:2,&quot;2&quot;:&quot;INCLUS&quot;}\">INCLUIDO<\/td>\n<\/tr>\n<tr>\n<td data-sheets-value=\"{&quot;1&quot;:2,&quot;2&quot;:&quot;D\u00c9FINIR LIEU (EMPLACEMENT)&quot;}\">DEFINIR LUGAR (LOCALIZACI\u00d3N)<\/td>\n<td data-sheets-value=\"{&quot;1&quot;:2,&quot;2&quot;:&quot;INCLUS&quot;}\">INCLUIDO<\/td>\n<\/tr>\n<tr>\n<td data-sheets-value=\"{&quot;1&quot;:2,&quot;2&quot;:&quot;G\u00c9RER AVIS&quot;}\">AVISO DE GESTI\u00d3N<\/td>\n<td data-sheets-value=\"{&quot;1&quot;:2,&quot;2&quot;:&quot;INCLUS&quot;}\">INCLUIDO<\/td>\n<\/tr>\n<tr>\n<td data-sheets-value=\"{&quot;1&quot;:2,&quot;2&quot;:&quot;CUSTOMISER FICHE(S) OPTION(S)&quot;}\">PERSONALIZAR HOJA(S) DE OPCIONES<\/td>\n<td data-sheets-value=\"{&quot;1&quot;:2,&quot;2&quot;:&quot;INCLUS : D\u00e9finir Options g\u00e9n\u00e9rales + Extensions&quot;}\">INCLUIDO: Definir opciones generales + extensiones<\/td>\n<\/tr>\n<tr>\n<td data-sheets-value=\"{&quot;1&quot;:2,&quot;2&quot;:&quot;CUSTOMISER IMAGES&quot;}\">PERSONALIZAR IM\u00c1GENES<\/td>\n<td data-sheets-value=\"{&quot;1&quot;:2,&quot;2&quot;:&quot;INCLUS : Customiser Image de profil + Images Galeries&quot;}\">INCLUIDO: Personalizar Imagen de Perfil + Im\u00e1genes de Galer\u00eda<\/td>\n<\/tr>\n<tr>\n<td data-sheets-value=\"{&quot;1&quot;:2,&quot;2&quot;:&quot;D\u00c9FINIR INFO(S) DE CONTACT(S)&quot;}\">DEFINIR DATOS DE CONTACTO<\/td>\n<td data-sheets-value=\"{&quot;1&quot;:2,&quot;2&quot;:&quot;INCLUS : D\u00e9finir Contact | Localisation | Heures d\u2019ouverture&quot;}\">INCLUYE: Definir Contacto | Ubicaci\u00f3n | Horario de apertura<\/td>\n<\/tr>\n<\/tbody>\n<\/table>","protected":false},"excerpt":{"rendered":"<p>\u00bfQu\u00e9 le ofrecemos? Una suscripci\u00f3n a medida para productores y agricultores. Puede crear un archivo CBDMAPS completo, con fotos, enlaces, textos, etc.<\/p>\n<blockquote><p><strong>CBDMAPS apoya a los productores con una suscripci\u00f3n a precio reducido, pero con toda una serie de ventajas.<\/strong><\/p><\/blockquote>\n<p>Puede consultar la tabla siguiente para ver los detalles de lo que le ofrece esta suscripci\u00f3n y\/o leer las condiciones de la misma. <a href=\"https:\/\/cbd-maps.com\/producteur-abonnement-conditions\/\">ICI<\/a>.<\/p>\n<hr \/>\n<p><span style=\"color: #7d829f;\"><strong>Si gestiona un gran n\u00famero de tiendas o comercios, pruebe a <a href=\"https:\/\/cbd-maps.com\/abonnements\/\">suscripci\u00f3n \"comerciante\" o \"distribuidor<\/a><\/strong><\/span><\/p>","protected":false},"featured_media":13858,"template":"","meta":[],"product_brand":[],"product_cat":[368],"product_tag":[],"class_list":{"0":"post-13849","1":"product","2":"type-product","3":"status-publish","4":"has-post-thumbnail","6":"product_cat-abonnements-cbdmaps","8":"first","9":"instock","10":"sold-individually","11":"shipping-taxable","12":"purchasable","13":"product-type-variable-subscription"},"yoast_head":"<!-- This site is optimized with the Yoast SEO plugin v27.5 - https:\/\/yoast.com\/product\/yoast-seo-wordpress\/ -->\n<title>Abonnement Producteur\/Agriculteur ? Customisez vos fiches !<\/title>\n<meta name=\"description\" content=\"Abonnement Producteur\/Agriculteur ? Permet de g\u00e9rer une seule fiche CBD MAPS, mais avec des avantages exclusifs aux producteurs et agriculteurs\" \/>\n<meta name=\"robots\" content=\"index, follow, max-snippet:-1, max-image-preview:large, max-video-preview:-1\" \/>\n<link rel=\"canonical\" href=\"https:\/\/cbd-maps.com\/es\/producto\/abo-productor-agricultor\/\" \/>\n<meta property=\"og:locale\" content=\"es_ES\" \/>\n<meta property=\"og:type\" content=\"article\" \/>\n<meta property=\"og:title\" content=\"Abonnement Producteur\/Agriculteur ? Customisez vos fiches !\" \/>\n<meta property=\"og:description\" content=\"Abonnement Producteur\/Agriculteur ? Permet de g\u00e9rer une seule fiche CBD MAPS, mais avec des avantages exclusifs aux producteurs et agriculteurs\" \/>\n<meta property=\"og:url\" content=\"https:\/\/cbd-maps.com\/es\/producto\/abo-productor-agricultor\/\" \/>\n<meta property=\"og:site_name\" content=\"CBDMAPS\" \/>\n<meta property=\"article:modified_time\" content=\"2024-03-20T11:13:44+00:00\" \/>\n<meta property=\"og:image\" content=\"https:\/\/cbd-maps.com\/wp-content\/uploads\/COMPTE-PRODUCTEUR.png\" \/>\n\t<meta property=\"og:image:width\" content=\"810\" \/>\n\t<meta property=\"og:image:height\" content=\"810\" \/>\n\t<meta property=\"og:image:type\" content=\"image\/png\" \/>\n<meta name=\"twitter:card\" content=\"summary_large_image\" \/>\n<script type=\"application\/ld+json\" class=\"yoast-schema-graph\">{\"@context\":\"https:\\\/\\\/schema.org\",\"@graph\":[{\"@type\":\"WebPage\",\"@id\":\"https:\\\/\\\/cbd-maps.com\\\/produit\\\/abo-producteur-agriculteur\\\/\",\"url\":\"https:\\\/\\\/cbd-maps.com\\\/produit\\\/abo-producteur-agriculteur\\\/\",\"name\":\"Abonnement Producteur\\\/Agriculteur ? Customisez vos fiches !\",\"isPartOf\":{\"@id\":\"https:\\\/\\\/cbd-maps.com\\\/en\\\/#website\"},\"primaryImageOfPage\":{\"@id\":\"https:\\\/\\\/cbd-maps.com\\\/produit\\\/abo-producteur-agriculteur\\\/#primaryimage\"},\"image\":{\"@id\":\"https:\\\/\\\/cbd-maps.com\\\/produit\\\/abo-producteur-agriculteur\\\/#primaryimage\"},\"thumbnailUrl\":\"https:\\\/\\\/cbd-maps.com\\\/wp-content\\\/uploads\\\/COMPTE-PRODUCTEUR.png\",\"datePublished\":\"2022-12-17T13:20:25+00:00\",\"dateModified\":\"2024-03-20T11:13:44+00:00\",\"description\":\"Abonnement Producteur\\\/Agriculteur ? Permet de g\u00e9rer une seule fiche CBD MAPS, mais avec des avantages exclusifs aux producteurs et agriculteurs\",\"breadcrumb\":{\"@id\":\"https:\\\/\\\/cbd-maps.com\\\/produit\\\/abo-producteur-agriculteur\\\/#breadcrumb\"},\"inLanguage\":\"es\",\"potentialAction\":[{\"@type\":\"ReadAction\",\"target\":[\"https:\\\/\\\/cbd-maps.com\\\/produit\\\/abo-producteur-agriculteur\\\/\"]}]},{\"@type\":\"ImageObject\",\"inLanguage\":\"es\",\"@id\":\"https:\\\/\\\/cbd-maps.com\\\/produit\\\/abo-producteur-agriculteur\\\/#primaryimage\",\"url\":\"https:\\\/\\\/cbd-maps.com\\\/wp-content\\\/uploads\\\/COMPTE-PRODUCTEUR.png\",\"contentUrl\":\"https:\\\/\\\/cbd-maps.com\\\/wp-content\\\/uploads\\\/COMPTE-PRODUCTEUR.png\",\"width\":810,\"height\":810},{\"@type\":\"BreadcrumbList\",\"@id\":\"https:\\\/\\\/cbd-maps.com\\\/produit\\\/abo-producteur-agriculteur\\\/#breadcrumb\",\"itemListElement\":[{\"@type\":\"ListItem\",\"position\":1,\"name\":\"Accueil\",\"item\":\"https:\\\/\\\/cbd-maps.com\\\/\"},{\"@type\":\"ListItem\",\"position\":2,\"name\":\"Shop\",\"item\":\"https:\\\/\\\/cbd-maps.com\\\/shop\\\/\"},{\"@type\":\"ListItem\",\"position\":3,\"name\":\"Producteur &#8211; Agriculteur\"}]},{\"@type\":\"WebSite\",\"@id\":\"https:\\\/\\\/cbd-maps.com\\\/en\\\/#website\",\"url\":\"https:\\\/\\\/cbd-maps.com\\\/en\\\/\",\"name\":\"CBDMAPS\",\"description\":\"Connecting Hemp People\",\"publisher\":{\"@id\":\"https:\\\/\\\/cbd-maps.com\\\/en\\\/#organization\"},\"alternateName\":\"CBD MAPS\",\"potentialAction\":[{\"@type\":\"SearchAction\",\"target\":{\"@type\":\"EntryPoint\",\"urlTemplate\":\"https:\\\/\\\/cbd-maps.com\\\/en\\\/?s={search_term_string}\"},\"query-input\":{\"@type\":\"PropertyValueSpecification\",\"valueRequired\":true,\"valueName\":\"search_term_string\"}}],\"inLanguage\":\"es\"},{\"@type\":\"Organization\",\"@id\":\"https:\\\/\\\/cbd-maps.com\\\/en\\\/#organization\",\"name\":\"CBDMAPS\",\"url\":\"https:\\\/\\\/cbd-maps.com\\\/en\\\/\",\"logo\":{\"@type\":\"ImageObject\",\"inLanguage\":\"es\",\"@id\":\"https:\\\/\\\/cbd-maps.com\\\/en\\\/#\\\/schema\\\/logo\\\/image\\\/\",\"url\":\"https:\\\/\\\/cbd-maps.com\\\/wp-content\\\/uploads\\\/CBDMAPS-TEXT-BASIC-LOGO-WHITE-1000x1000.png.png\",\"contentUrl\":\"https:\\\/\\\/cbd-maps.com\\\/wp-content\\\/uploads\\\/CBDMAPS-TEXT-BASIC-LOGO-WHITE-1000x1000.png.png\",\"width\":1000,\"height\":1000,\"caption\":\"CBDMAPS\"},\"image\":{\"@id\":\"https:\\\/\\\/cbd-maps.com\\\/en\\\/#\\\/schema\\\/logo\\\/image\\\/\"}}]}<\/script>\n<!-- \/ Yoast SEO plugin. -->","yoast_head_json":{"title":"Suscripci\u00f3n de productor\/agricultor ? Personalice sus registros","description":"Suscripci\u00f3n de productor\/agricultor ? Permite gestionar un \u00fanico archivo CBD MAPS, pero con ventajas exclusivas para productores y agricultores.","robots":{"index":"index","follow":"follow","max-snippet":"max-snippet:-1","max-image-preview":"max-image-preview:large","max-video-preview":"max-video-preview:-1"},"canonical":"https:\/\/cbd-maps.com\/es\/producto\/abo-productor-agricultor\/","og_locale":"es_ES","og_type":"article","og_title":"Abonnement Producteur\/Agriculteur ? Customisez vos fiches !","og_description":"Abonnement Producteur\/Agriculteur ? Permet de g\u00e9rer une seule fiche CBD MAPS, mais avec des avantages exclusifs aux producteurs et agriculteurs","og_url":"https:\/\/cbd-maps.com\/es\/producto\/abo-productor-agricultor\/","og_site_name":"CBDMAPS","article_modified_time":"2024-03-20T11:13:44+00:00","og_image":[{"width":810,"height":810,"url":"https:\/\/cbd-maps.com\/wp-content\/uploads\/COMPTE-PRODUCTEUR.png","type":"image\/png"}],"twitter_card":"summary_large_image","schema":{"@context":"https:\/\/schema.org","@graph":[{"@type":"WebPage","@id":"https:\/\/cbd-maps.com\/produit\/abo-producteur-agriculteur\/","url":"https:\/\/cbd-maps.com\/produit\/abo-producteur-agriculteur\/","name":"Suscripci\u00f3n de productor\/agricultor ? Personalice sus registros","isPartOf":{"@id":"https:\/\/cbd-maps.com\/en\/#website"},"primaryImageOfPage":{"@id":"https:\/\/cbd-maps.com\/produit\/abo-producteur-agriculteur\/#primaryimage"},"image":{"@id":"https:\/\/cbd-maps.com\/produit\/abo-producteur-agriculteur\/#primaryimage"},"thumbnailUrl":"https:\/\/cbd-maps.com\/wp-content\/uploads\/COMPTE-PRODUCTEUR.png","datePublished":"2022-12-17T13:20:25+00:00","dateModified":"2024-03-20T11:13:44+00:00","description":"Suscripci\u00f3n de productor\/agricultor ? Permite gestionar un \u00fanico archivo CBD MAPS, pero con ventajas exclusivas para productores y agricultores.","breadcrumb":{"@id":"https:\/\/cbd-maps.com\/produit\/abo-producteur-agriculteur\/#breadcrumb"},"inLanguage":"es","potentialAction":[{"@type":"ReadAction","target":["https:\/\/cbd-maps.com\/produit\/abo-producteur-agriculteur\/"]}]},{"@type":"ImageObject","inLanguage":"es","@id":"https:\/\/cbd-maps.com\/produit\/abo-producteur-agriculteur\/#primaryimage","url":"https:\/\/cbd-maps.com\/wp-content\/uploads\/COMPTE-PRODUCTEUR.png","contentUrl":"https:\/\/cbd-maps.com\/wp-content\/uploads\/COMPTE-PRODUCTEUR.png","width":810,"height":810},{"@type":"BreadcrumbList","@id":"https:\/\/cbd-maps.com\/produit\/abo-producteur-agriculteur\/#breadcrumb","itemListElement":[{"@type":"ListItem","position":1,"name":"Accueil","item":"https:\/\/cbd-maps.com\/"},{"@type":"ListItem","position":2,"name":"Shop","item":"https:\/\/cbd-maps.com\/shop\/"},{"@type":"ListItem","position":3,"name":"Producteur &#8211; Agriculteur"}]},{"@type":"WebSite","@id":"https:\/\/cbd-maps.com\/en\/#website","url":"https:\/\/cbd-maps.com\/en\/","name":"CBDMAPS","description":"Conectando a la gente del c\u00e1\u00f1amo","publisher":{"@id":"https:\/\/cbd-maps.com\/en\/#organization"},"alternateName":"CBD MAPS","potentialAction":[{"@type":"SearchAction","target":{"@type":"EntryPoint","urlTemplate":"https:\/\/cbd-maps.com\/en\/?s={search_term_string}"},"query-input":{"@type":"PropertyValueSpecification","valueRequired":true,"valueName":"search_term_string"}}],"inLanguage":"es"},{"@type":"Organization","@id":"https:\/\/cbd-maps.com\/en\/#organization","name":"CBDMAPS","url":"https:\/\/cbd-maps.com\/en\/","logo":{"@type":"ImageObject","inLanguage":"es","@id":"https:\/\/cbd-maps.com\/en\/#\/schema\/logo\/image\/","url":"https:\/\/cbd-maps.com\/wp-content\/uploads\/CBDMAPS-TEXT-BASIC-LOGO-WHITE-1000x1000.png.png","contentUrl":"https:\/\/cbd-maps.com\/wp-content\/uploads\/CBDMAPS-TEXT-BASIC-LOGO-WHITE-1000x1000.png.png","width":1000,"height":1000,"caption":"CBDMAPS"},"image":{"@id":"https:\/\/cbd-maps.com\/en\/#\/schema\/logo\/image\/"}}]}},"_links":{"self":[{"href":"https:\/\/cbd-maps.com\/es\/wp-json\/wp\/v2\/product\/13849","targetHints":{"allow":["GET"]}}],"collection":[{"href":"https:\/\/cbd-maps.com\/es\/wp-json\/wp\/v2\/product"}],"about":[{"href":"https:\/\/cbd-maps.com\/es\/wp-json\/wp\/v2\/types\/product"}],"wp:featuredmedia":[{"embeddable":true,"href":"https:\/\/cbd-maps.com\/es\/wp-json\/wp\/v2\/media\/13858"}],"wp:attachment":[{"href":"https:\/\/cbd-maps.com\/es\/wp-json\/wp\/v2\/media?parent=13849"}],"wp:term":[{"taxonomy":"product_brand","embeddable":true,"href":"https:\/\/cbd-maps.com\/es\/wp-json\/wp\/v2\/product_brand?post=13849"},{"taxonomy":"product_cat","embeddable":true,"href":"https:\/\/cbd-maps.com\/es\/wp-json\/wp\/v2\/product_cat?post=13849"},{"taxonomy":"product_tag","embeddable":true,"href":"https:\/\/cbd-maps.com\/es\/wp-json\/wp\/v2\/product_tag?post=13849"}],"curies":[{"name":"wp","href":"https:\/\/api.w.org\/{rel}","templated":true}]}}