{"id":11471,"date":"2022-07-12T10:05:26","date_gmt":"2022-07-12T10:05:26","guid":{"rendered":"https:\/\/cbd-maps.com\/?post_type=product&#038;p=11471"},"modified":"2024-03-20T11:13:31","modified_gmt":"2024-03-20T11:13:31","slug":"distributore-senza-limiti","status":"publish","type":"product","link":"https:\/\/cbd-maps.com\/it\/produit\/distributeur-no-limit\/","title":{"rendered":"Distributore (No Limit)"},"content":{"rendered":"","protected":false},"excerpt":{"rendered":"<p>Gestite diversi negozi? Siete un distributore che ha bisogno di elencare diverse aziende? Allora questo abbonamento fa al caso vostro.<\/p>\n<p>&nbsp;<\/p>\n<blockquote><p><strong>Con l'abbonamento CBD MAPS \"No Limit Distributor\", potete gestire tutti i file aziendali che volete e avere tutte le opzioni di personalizzazione per ogni file!<\/strong><\/p>\n<p>&nbsp;<\/p><\/blockquote>\n<p>\u00c8 possibile consultare la tabella sottostante per vedere i dettagli di ci\u00f2 che questo abbonamento offre e\/o leggere le condizioni di questo abbonamento. <a href=\"https:\/\/cbd-maps.com\/abonnement-distributeur-x-unlimited-conditions\/\">ICI<\/a>.<\/p>\n<hr \/>\n<p><span style=\"color: #7d829f;\"><b>Se siete un imprenditore autonomo, un produttore o un gestore di un singolo negozio, optate per <a href=\"https:\/\/cbd-maps.com\/abonnements\/\">abbonamento \"commerciante\" o \"produttore<\/a><\/b><\/span><\/p>","protected":false},"featured_media":13864,"template":"","meta":[],"product_brand":[],"product_cat":[368],"product_tag":[],"class_list":{"0":"post-11471","1":"product","2":"type-product","3":"status-publish","4":"has-post-thumbnail","6":"product_cat-abonnements-cbdmaps","8":"first","9":"instock","10":"shipping-taxable","11":"product-type-external"},"yoast_head":"<!-- This site is optimized with the Yoast SEO plugin v27.4 - https:\/\/yoast.com\/product\/yoast-seo-wordpress\/ -->\n<title>Abonnement Distributeur (No Limit) ? Le meilleur de CBDMAPS !<\/title>\n<meta name=\"description\" content=\"Abonnement Distributeur ? Images, Horaire d&#039;ouverture, Liens, Cat\u00e9gories, Avis... Customisez un nombre illimit\u00e9 de fiches CBDMAPS \u00e0 votre convenance !\" \/>\n<meta name=\"robots\" content=\"index, follow, max-snippet:-1, max-image-preview:large, max-video-preview:-1\" \/>\n<link rel=\"canonical\" href=\"https:\/\/cbd-maps.com\/it\/prodotto\/distributore-senza-limiti\/\" \/>\n<meta property=\"og:locale\" content=\"it_IT\" \/>\n<meta property=\"og:type\" content=\"article\" \/>\n<meta property=\"og:title\" content=\"Abonnement Distributeur (No Limit) ? Le meilleur de CBDMAPS !\" \/>\n<meta property=\"og:description\" content=\"Abonnement Distributeur ? Images, Horaire d&#039;ouverture, Liens, Cat\u00e9gories, Avis... Customisez un nombre illimit\u00e9 de fiches CBDMAPS \u00e0 votre convenance !\" \/>\n<meta property=\"og:url\" content=\"https:\/\/cbd-maps.com\/it\/prodotto\/distributore-senza-limiti\/\" \/>\n<meta property=\"og:site_name\" content=\"CBDMAPS\" \/>\n<meta property=\"article:modified_time\" content=\"2024-03-20T11:13:31+00:00\" \/>\n<meta property=\"og:image\" content=\"https:\/\/cbd-maps.com\/wp-content\/uploads\/COMPTE-DISTRIBUTEUR-x-999.png\" \/>\n\t<meta property=\"og:image:width\" content=\"810\" \/>\n\t<meta property=\"og:image:height\" content=\"810\" \/>\n\t<meta property=\"og:image:type\" content=\"image\/png\" \/>\n<meta name=\"twitter:card\" content=\"summary_large_image\" \/>\n<script type=\"application\/ld+json\" class=\"yoast-schema-graph\">{\"@context\":\"https:\\\/\\\/schema.org\",\"@graph\":[{\"@type\":\"WebPage\",\"@id\":\"https:\\\/\\\/cbd-maps.com\\\/produit\\\/distributeur-no-limit\\\/\",\"url\":\"https:\\\/\\\/cbd-maps.com\\\/produit\\\/distributeur-no-limit\\\/\",\"name\":\"Abonnement Distributeur (No Limit) ? Le meilleur de CBDMAPS !\",\"isPartOf\":{\"@id\":\"https:\\\/\\\/cbd-maps.com\\\/en\\\/#website\"},\"primaryImageOfPage\":{\"@id\":\"https:\\\/\\\/cbd-maps.com\\\/produit\\\/distributeur-no-limit\\\/#primaryimage\"},\"image\":{\"@id\":\"https:\\\/\\\/cbd-maps.com\\\/produit\\\/distributeur-no-limit\\\/#primaryimage\"},\"thumbnailUrl\":\"https:\\\/\\\/cbd-maps.com\\\/wp-content\\\/uploads\\\/COMPTE-DISTRIBUTEUR-x-999.png\",\"datePublished\":\"2022-07-12T10:05:26+00:00\",\"dateModified\":\"2024-03-20T11:13:31+00:00\",\"description\":\"Abonnement Distributeur ? Images, Horaire d'ouverture, Liens, Cat\u00e9gories, Avis... Customisez un nombre illimit\u00e9 de fiches CBDMAPS \u00e0 votre convenance !\",\"breadcrumb\":{\"@id\":\"https:\\\/\\\/cbd-maps.com\\\/produit\\\/distributeur-no-limit\\\/#breadcrumb\"},\"inLanguage\":\"it-IT\",\"potentialAction\":[{\"@type\":\"ReadAction\",\"target\":[\"https:\\\/\\\/cbd-maps.com\\\/produit\\\/distributeur-no-limit\\\/\"]}]},{\"@type\":\"ImageObject\",\"inLanguage\":\"it-IT\",\"@id\":\"https:\\\/\\\/cbd-maps.com\\\/produit\\\/distributeur-no-limit\\\/#primaryimage\",\"url\":\"https:\\\/\\\/cbd-maps.com\\\/wp-content\\\/uploads\\\/COMPTE-DISTRIBUTEUR-x-999.png\",\"contentUrl\":\"https:\\\/\\\/cbd-maps.com\\\/wp-content\\\/uploads\\\/COMPTE-DISTRIBUTEUR-x-999.png\",\"width\":810,\"height\":810},{\"@type\":\"BreadcrumbList\",\"@id\":\"https:\\\/\\\/cbd-maps.com\\\/produit\\\/distributeur-no-limit\\\/#breadcrumb\",\"itemListElement\":[{\"@type\":\"ListItem\",\"position\":1,\"name\":\"Accueil\",\"item\":\"https:\\\/\\\/cbd-maps.com\\\/\"},{\"@type\":\"ListItem\",\"position\":2,\"name\":\"Shop\",\"item\":\"https:\\\/\\\/cbd-maps.com\\\/shop\\\/\"},{\"@type\":\"ListItem\",\"position\":3,\"name\":\"Distributeur (No Limit)\"}]},{\"@type\":\"WebSite\",\"@id\":\"https:\\\/\\\/cbd-maps.com\\\/en\\\/#website\",\"url\":\"https:\\\/\\\/cbd-maps.com\\\/en\\\/\",\"name\":\"CBDMAPS\",\"description\":\"Connecting Hemp People\",\"publisher\":{\"@id\":\"https:\\\/\\\/cbd-maps.com\\\/en\\\/#organization\"},\"alternateName\":\"CBD MAPS\",\"potentialAction\":[{\"@type\":\"SearchAction\",\"target\":{\"@type\":\"EntryPoint\",\"urlTemplate\":\"https:\\\/\\\/cbd-maps.com\\\/en\\\/?s={search_term_string}\"},\"query-input\":{\"@type\":\"PropertyValueSpecification\",\"valueRequired\":true,\"valueName\":\"search_term_string\"}}],\"inLanguage\":\"it-IT\"},{\"@type\":\"Organization\",\"@id\":\"https:\\\/\\\/cbd-maps.com\\\/en\\\/#organization\",\"name\":\"CBDMAPS\",\"url\":\"https:\\\/\\\/cbd-maps.com\\\/en\\\/\",\"logo\":{\"@type\":\"ImageObject\",\"inLanguage\":\"it-IT\",\"@id\":\"https:\\\/\\\/cbd-maps.com\\\/en\\\/#\\\/schema\\\/logo\\\/image\\\/\",\"url\":\"https:\\\/\\\/cbd-maps.com\\\/wp-content\\\/uploads\\\/CBDMAPS-TEXT-BASIC-LOGO-WHITE-1000x1000.png.png\",\"contentUrl\":\"https:\\\/\\\/cbd-maps.com\\\/wp-content\\\/uploads\\\/CBDMAPS-TEXT-BASIC-LOGO-WHITE-1000x1000.png.png\",\"width\":1000,\"height\":1000,\"caption\":\"CBDMAPS\"},\"image\":{\"@id\":\"https:\\\/\\\/cbd-maps.com\\\/en\\\/#\\\/schema\\\/logo\\\/image\\\/\"}}]}<\/script>\n<!-- \/ Yoast SEO plugin. -->","yoast_head_json":{"title":"Abbonamento distributore (senza limiti) ? Il meglio di CBDMAPS!","description":"Abbonamento al distributore? Immagini, orari di apertura, link, categorie, recensioni... Personalizzate un numero illimitato di file CBDMAPS a vostro piacimento!","robots":{"index":"index","follow":"follow","max-snippet":"max-snippet:-1","max-image-preview":"max-image-preview:large","max-video-preview":"max-video-preview:-1"},"canonical":"https:\/\/cbd-maps.com\/it\/prodotto\/distributore-senza-limiti\/","og_locale":"it_IT","og_type":"article","og_title":"Abonnement Distributeur (No Limit) ? Le meilleur de CBDMAPS !","og_description":"Abonnement Distributeur ? Images, Horaire d'ouverture, Liens, Cat\u00e9gories, Avis... Customisez un nombre illimit\u00e9 de fiches CBDMAPS \u00e0 votre convenance !","og_url":"https:\/\/cbd-maps.com\/it\/prodotto\/distributore-senza-limiti\/","og_site_name":"CBDMAPS","article_modified_time":"2024-03-20T11:13:31+00:00","og_image":[{"width":810,"height":810,"url":"https:\/\/cbd-maps.com\/wp-content\/uploads\/COMPTE-DISTRIBUTEUR-x-999.png","type":"image\/png"}],"twitter_card":"summary_large_image","schema":{"@context":"https:\/\/schema.org","@graph":[{"@type":"WebPage","@id":"https:\/\/cbd-maps.com\/produit\/distributeur-no-limit\/","url":"https:\/\/cbd-maps.com\/produit\/distributeur-no-limit\/","name":"Abbonamento distributore (senza limiti) ? Il meglio di CBDMAPS!","isPartOf":{"@id":"https:\/\/cbd-maps.com\/en\/#website"},"primaryImageOfPage":{"@id":"https:\/\/cbd-maps.com\/produit\/distributeur-no-limit\/#primaryimage"},"image":{"@id":"https:\/\/cbd-maps.com\/produit\/distributeur-no-limit\/#primaryimage"},"thumbnailUrl":"https:\/\/cbd-maps.com\/wp-content\/uploads\/COMPTE-DISTRIBUTEUR-x-999.png","datePublished":"2022-07-12T10:05:26+00:00","dateModified":"2024-03-20T11:13:31+00:00","description":"Abbonamento al distributore? Immagini, orari di apertura, link, categorie, recensioni... Personalizzate un numero illimitato di file CBDMAPS a vostro piacimento!","breadcrumb":{"@id":"https:\/\/cbd-maps.com\/produit\/distributeur-no-limit\/#breadcrumb"},"inLanguage":"it-IT","potentialAction":[{"@type":"ReadAction","target":["https:\/\/cbd-maps.com\/produit\/distributeur-no-limit\/"]}]},{"@type":"ImageObject","inLanguage":"it-IT","@id":"https:\/\/cbd-maps.com\/produit\/distributeur-no-limit\/#primaryimage","url":"https:\/\/cbd-maps.com\/wp-content\/uploads\/COMPTE-DISTRIBUTEUR-x-999.png","contentUrl":"https:\/\/cbd-maps.com\/wp-content\/uploads\/COMPTE-DISTRIBUTEUR-x-999.png","width":810,"height":810},{"@type":"BreadcrumbList","@id":"https:\/\/cbd-maps.com\/produit\/distributeur-no-limit\/#breadcrumb","itemListElement":[{"@type":"ListItem","position":1,"name":"Accueil","item":"https:\/\/cbd-maps.com\/"},{"@type":"ListItem","position":2,"name":"Shop","item":"https:\/\/cbd-maps.com\/shop\/"},{"@type":"ListItem","position":3,"name":"Distributeur (No Limit)"}]},{"@type":"WebSite","@id":"https:\/\/cbd-maps.com\/en\/#website","url":"https:\/\/cbd-maps.com\/en\/","name":"CBDMAPS","description":"Connettere le persone della canapa","publisher":{"@id":"https:\/\/cbd-maps.com\/en\/#organization"},"alternateName":"CBD MAPS","potentialAction":[{"@type":"SearchAction","target":{"@type":"EntryPoint","urlTemplate":"https:\/\/cbd-maps.com\/en\/?s={search_term_string}"},"query-input":{"@type":"PropertyValueSpecification","valueRequired":true,"valueName":"search_term_string"}}],"inLanguage":"it-IT"},{"@type":"Organization","@id":"https:\/\/cbd-maps.com\/en\/#organization","name":"CBDMAPS","url":"https:\/\/cbd-maps.com\/en\/","logo":{"@type":"ImageObject","inLanguage":"it-IT","@id":"https:\/\/cbd-maps.com\/en\/#\/schema\/logo\/image\/","url":"https:\/\/cbd-maps.com\/wp-content\/uploads\/CBDMAPS-TEXT-BASIC-LOGO-WHITE-1000x1000.png.png","contentUrl":"https:\/\/cbd-maps.com\/wp-content\/uploads\/CBDMAPS-TEXT-BASIC-LOGO-WHITE-1000x1000.png.png","width":1000,"height":1000,"caption":"CBDMAPS"},"image":{"@id":"https:\/\/cbd-maps.com\/en\/#\/schema\/logo\/image\/"}}]}},"_links":{"self":[{"href":"https:\/\/cbd-maps.com\/it\/wp-json\/wp\/v2\/product\/11471","targetHints":{"allow":["GET"]}}],"collection":[{"href":"https:\/\/cbd-maps.com\/it\/wp-json\/wp\/v2\/product"}],"about":[{"href":"https:\/\/cbd-maps.com\/it\/wp-json\/wp\/v2\/types\/product"}],"wp:featuredmedia":[{"embeddable":true,"href":"https:\/\/cbd-maps.com\/it\/wp-json\/wp\/v2\/media\/13864"}],"wp:attachment":[{"href":"https:\/\/cbd-maps.com\/it\/wp-json\/wp\/v2\/media?parent=11471"}],"wp:term":[{"taxonomy":"product_brand","embeddable":true,"href":"https:\/\/cbd-maps.com\/it\/wp-json\/wp\/v2\/product_brand?post=11471"},{"taxonomy":"product_cat","embeddable":true,"href":"https:\/\/cbd-maps.com\/it\/wp-json\/wp\/v2\/product_cat?post=11471"},{"taxonomy":"product_tag","embeddable":true,"href":"https:\/\/cbd-maps.com\/it\/wp-json\/wp\/v2\/product_tag?post=11471"}],"curies":[{"name":"wp","href":"https:\/\/api.w.org\/{rel}","templated":true}]}}