{"id":18023,"date":"2025-03-01T14:15:52","date_gmt":"2025-03-01T14:15:52","guid":{"rendered":"https:\/\/cbd-maps.com\/?page_id=18023"},"modified":"2026-03-09T21:48:48","modified_gmt":"2026-03-09T21:48:48","slug":"cbdmaps-mapa","status":"publish","type":"page","link":"https:\/\/cbd-maps.com\/pt\/carte-cbdmaps\/","title":{"rendered":"carta"},"content":{"rendered":"<p>Procure profissionais do c\u00e2nhamo e do CBD no nosso mapa interativo. Quase 3000 refer\u00eancias listadas em mais de 15 categorias em todos os pa\u00edses do mundo!<\/p>\n\n\n\n\n\r\n        <div class='wp-block-citadela-blocks ctdl-directory-google-map loading-content custom-height'>\r\n            <div class='citadela-openstreetmap provider-wrapper'>\r\n                <div data-endpoint=\"https:\/\/cbd-maps.com\/wp-json\/citadela-directory\/map-data\/points\/citadela-item?dataType=markers&amp;category=&amp;location=&amp;only_featured=0&amp;posts_per_page=99\"data-theme=\"default\"data-map-height=\"800px\"data-cluster=\"33\"data-type=\"markers\" class='component-container'><\/div>\r\n                \r\n            <\/div>\r\n            <div class='citadela-loader'>\r\n                <div class='inner-wrapper'>\r\n                    <i class='fas fa-circle-notch fa-spin'><\/i>\r\n                <\/div>\r\n            <\/div>\r\n        <\/div>","protected":false},"excerpt":{"rendered":"<p>Cherchez les professionnels du chanvre et du CBD en vous aidant de notre carte interractive. Pr\u00e8s de 3000 r\u00e9f\u00e9rences list\u00e9es dans plus de 15 cat\u00e9gories dans tous les pays du [&hellip;]<\/p>\n","protected":false},"author":2,"featured_media":0,"parent":0,"menu_order":0,"comment_status":"closed","ping_status":"closed","template":"","meta":{"_citadela_hide_page_title":"","_citadela_remove_header_space":"","_citadela_custom_class":"","_citadela_half_map_provider":"","_citadela_half_map_theme":"","_citadela_half_map_themeOSM":"","_citadela_half_map_customTheme":"","_citadela_half_map_dataType":"","_citadela_half_map_dynamicTrack":false,"_citadela_half_map_trackColor":"","_citadela_half_map_trackEndpointsColor":"","_citadela_half_map_filterCategory":"","_citadela_half_map_filterLocation":"","_citadela_half_map_filterFeatured":false,"_citadela_half_map_noDataBehavior":"empty-map","_citadela_half_map_noDataText":"","_citadela_half_map_clusterGridSize":80,"_citadela_header":false,"_citadela_header_over_content":false,"_citadela_header_text_color":"","_citadela_header_logo":[],"_citadela_header_bg_image":[],"_citadela_header_bg_position":{"x":0.5,"y":0.5},"_citadela_header_bg_size":"cover","_citadela_header_bg_repeat":"no-repeat","_citadela_header_bg_fixed":false,"_citadela_header_bg_color":"","_citadela_header_bg_image_overlay":"","_citadela_header_transparent_bg":false,"_citadela_content_width":"wide","_citadela_half_layout_position":"","footnotes":""},"class_list":["post-18023","page","type-page","status-publish","hentry"],"yoast_head":"<!-- This site is optimized with the Yoast SEO plugin v27.3 - https:\/\/yoast.com\/product\/yoast-seo-wordpress\/ -->\n<title>CARTE CBDMAPS - CBDMAPS<\/title>\n<meta name=\"robots\" content=\"index, follow, max-snippet:-1, max-image-preview:large, max-video-preview:-1\" \/>\n<link rel=\"canonical\" href=\"https:\/\/cbd-maps.com\/pt\/cbdmaps-mapa\/\" \/>\n<meta property=\"og:locale\" content=\"pt_PT\" \/>\n<meta property=\"og:type\" content=\"article\" \/>\n<meta property=\"og:title\" content=\"CARTE CBDMAPS - CBDMAPS\" \/>\n<meta property=\"og:description\" content=\"Cherchez les professionnels du chanvre et du CBD en vous aidant de notre carte interractive. Pr\u00e8s de 3000 r\u00e9f\u00e9rences list\u00e9es dans plus de 15 cat\u00e9gories dans tous les pays du [&hellip;]\" \/>\n<meta property=\"og:url\" content=\"https:\/\/cbd-maps.com\/pt\/cbdmaps-mapa\/\" \/>\n<meta property=\"og:site_name\" content=\"CBDMAPS\" \/>\n<meta property=\"article:modified_time\" content=\"2026-03-09T21:48:48+00:00\" \/>\n<meta property=\"og:image\" content=\"https:\/\/cbd-maps.com\/wp-content\/uploads\/Cbdmaps-logo-large.png\" \/>\n\t<meta property=\"og:image:width\" content=\"1120\" \/>\n\t<meta property=\"og:image:height\" content=\"630\" \/>\n\t<meta property=\"og:image:type\" content=\"image\/png\" \/>\n<meta name=\"twitter:card\" content=\"summary_large_image\" \/>\n<script type=\"application\/ld+json\" class=\"yoast-schema-graph\">{\"@context\":\"https:\\\/\\\/schema.org\",\"@graph\":[{\"@type\":\"WebPage\",\"@id\":\"https:\\\/\\\/cbd-maps.com\\\/carte-cbdmaps\\\/\",\"url\":\"https:\\\/\\\/cbd-maps.com\\\/carte-cbdmaps\\\/\",\"name\":\"CARTE CBDMAPS - CBDMAPS\",\"isPartOf\":{\"@id\":\"https:\\\/\\\/cbd-maps.com\\\/en\\\/#website\"},\"datePublished\":\"2025-03-01T14:15:52+00:00\",\"dateModified\":\"2026-03-09T21:48:48+00:00\",\"breadcrumb\":{\"@id\":\"https:\\\/\\\/cbd-maps.com\\\/carte-cbdmaps\\\/#breadcrumb\"},\"inLanguage\":\"pt-PT\",\"potentialAction\":[{\"@type\":\"ReadAction\",\"target\":[\"https:\\\/\\\/cbd-maps.com\\\/carte-cbdmaps\\\/\"]}]},{\"@type\":\"BreadcrumbList\",\"@id\":\"https:\\\/\\\/cbd-maps.com\\\/carte-cbdmaps\\\/#breadcrumb\",\"itemListElement\":[{\"@type\":\"ListItem\",\"position\":1,\"name\":\"Accueil\",\"item\":\"https:\\\/\\\/cbd-maps.com\\\/\"},{\"@type\":\"ListItem\",\"position\":2,\"name\":\"CARTE CBDMAPS\"}]},{\"@type\":\"WebSite\",\"@id\":\"https:\\\/\\\/cbd-maps.com\\\/en\\\/#website\",\"url\":\"https:\\\/\\\/cbd-maps.com\\\/en\\\/\",\"name\":\"CBDMAPS\",\"description\":\"Connecting Hemp People\",\"publisher\":{\"@id\":\"https:\\\/\\\/cbd-maps.com\\\/en\\\/#organization\"},\"alternateName\":\"CBD MAPS\",\"potentialAction\":[{\"@type\":\"SearchAction\",\"target\":{\"@type\":\"EntryPoint\",\"urlTemplate\":\"https:\\\/\\\/cbd-maps.com\\\/en\\\/?s={search_term_string}\"},\"query-input\":{\"@type\":\"PropertyValueSpecification\",\"valueRequired\":true,\"valueName\":\"search_term_string\"}}],\"inLanguage\":\"pt-PT\"},{\"@type\":\"Organization\",\"@id\":\"https:\\\/\\\/cbd-maps.com\\\/en\\\/#organization\",\"name\":\"CBDMAPS\",\"url\":\"https:\\\/\\\/cbd-maps.com\\\/en\\\/\",\"logo\":{\"@type\":\"ImageObject\",\"inLanguage\":\"pt-PT\",\"@id\":\"https:\\\/\\\/cbd-maps.com\\\/en\\\/#\\\/schema\\\/logo\\\/image\\\/\",\"url\":\"https:\\\/\\\/cbd-maps.com\\\/wp-content\\\/uploads\\\/CBDMAPS-TEXT-BASIC-LOGO-WHITE-1000x1000.png.png\",\"contentUrl\":\"https:\\\/\\\/cbd-maps.com\\\/wp-content\\\/uploads\\\/CBDMAPS-TEXT-BASIC-LOGO-WHITE-1000x1000.png.png\",\"width\":1000,\"height\":1000,\"caption\":\"CBDMAPS\"},\"image\":{\"@id\":\"https:\\\/\\\/cbd-maps.com\\\/en\\\/#\\\/schema\\\/logo\\\/image\\\/\"}}]}<\/script>\n<!-- \/ Yoast SEO plugin. -->","yoast_head_json":{"title":"MAPA CBDMAPS - CBDMAPS","robots":{"index":"index","follow":"follow","max-snippet":"max-snippet:-1","max-image-preview":"max-image-preview:large","max-video-preview":"max-video-preview:-1"},"canonical":"https:\/\/cbd-maps.com\/pt\/cbdmaps-mapa\/","og_locale":"pt_PT","og_type":"article","og_title":"CARTE CBDMAPS - CBDMAPS","og_description":"Cherchez les professionnels du chanvre et du CBD en vous aidant de notre carte interractive. Pr\u00e8s de 3000 r\u00e9f\u00e9rences list\u00e9es dans plus de 15 cat\u00e9gories dans tous les pays du [&hellip;]","og_url":"https:\/\/cbd-maps.com\/pt\/cbdmaps-mapa\/","og_site_name":"CBDMAPS","article_modified_time":"2026-03-09T21:48:48+00:00","og_image":[{"width":1120,"height":630,"url":"https:\/\/cbd-maps.com\/wp-content\/uploads\/Cbdmaps-logo-large.png","type":"image\/png"}],"twitter_card":"summary_large_image","schema":{"@context":"https:\/\/schema.org","@graph":[{"@type":"WebPage","@id":"https:\/\/cbd-maps.com\/carte-cbdmaps\/","url":"https:\/\/cbd-maps.com\/carte-cbdmaps\/","name":"MAPA CBDMAPS - CBDMAPS","isPartOf":{"@id":"https:\/\/cbd-maps.com\/en\/#website"},"datePublished":"2025-03-01T14:15:52+00:00","dateModified":"2026-03-09T21:48:48+00:00","breadcrumb":{"@id":"https:\/\/cbd-maps.com\/carte-cbdmaps\/#breadcrumb"},"inLanguage":"pt-PT","potentialAction":[{"@type":"ReadAction","target":["https:\/\/cbd-maps.com\/carte-cbdmaps\/"]}]},{"@type":"BreadcrumbList","@id":"https:\/\/cbd-maps.com\/carte-cbdmaps\/#breadcrumb","itemListElement":[{"@type":"ListItem","position":1,"name":"Accueil","item":"https:\/\/cbd-maps.com\/"},{"@type":"ListItem","position":2,"name":"CARTE CBDMAPS"}]},{"@type":"WebSite","@id":"https:\/\/cbd-maps.com\/en\/#website","url":"https:\/\/cbd-maps.com\/en\/","name":"CBDMAPS","description":"Liga\u00e7\u00e3o de pessoas de c\u00e2nhamo","publisher":{"@id":"https:\/\/cbd-maps.com\/en\/#organization"},"alternateName":"CBD MAPS","potentialAction":[{"@type":"SearchAction","target":{"@type":"EntryPoint","urlTemplate":"https:\/\/cbd-maps.com\/en\/?s={search_term_string}"},"query-input":{"@type":"PropertyValueSpecification","valueRequired":true,"valueName":"search_term_string"}}],"inLanguage":"pt-PT"},{"@type":"Organization","@id":"https:\/\/cbd-maps.com\/en\/#organization","name":"CBDMAPS","url":"https:\/\/cbd-maps.com\/en\/","logo":{"@type":"ImageObject","inLanguage":"pt-PT","@id":"https:\/\/cbd-maps.com\/en\/#\/schema\/logo\/image\/","url":"https:\/\/cbd-maps.com\/wp-content\/uploads\/CBDMAPS-TEXT-BASIC-LOGO-WHITE-1000x1000.png.png","contentUrl":"https:\/\/cbd-maps.com\/wp-content\/uploads\/CBDMAPS-TEXT-BASIC-LOGO-WHITE-1000x1000.png.png","width":1000,"height":1000,"caption":"CBDMAPS"},"image":{"@id":"https:\/\/cbd-maps.com\/en\/#\/schema\/logo\/image\/"}}]}},"_links":{"self":[{"href":"https:\/\/cbd-maps.com\/pt\/wp-json\/wp\/v2\/pages\/18023","targetHints":{"allow":["GET"]}}],"collection":[{"href":"https:\/\/cbd-maps.com\/pt\/wp-json\/wp\/v2\/pages"}],"about":[{"href":"https:\/\/cbd-maps.com\/pt\/wp-json\/wp\/v2\/types\/page"}],"author":[{"embeddable":true,"href":"https:\/\/cbd-maps.com\/pt\/wp-json\/wp\/v2\/users\/2"}],"replies":[{"embeddable":true,"href":"https:\/\/cbd-maps.com\/pt\/wp-json\/wp\/v2\/comments?post=18023"}],"version-history":[{"count":2,"href":"https:\/\/cbd-maps.com\/pt\/wp-json\/wp\/v2\/pages\/18023\/revisions"}],"predecessor-version":[{"id":18624,"href":"https:\/\/cbd-maps.com\/pt\/wp-json\/wp\/v2\/pages\/18023\/revisions\/18624"}],"wp:attachment":[{"href":"https:\/\/cbd-maps.com\/pt\/wp-json\/wp\/v2\/media?parent=18023"}],"curies":[{"name":"wp","href":"https:\/\/api.w.org\/{rel}","templated":true}]}}