{"id":11472,"date":"2022-07-12T10:05:49","date_gmt":"2022-07-12T10:05:49","guid":{"rendered":"https:\/\/cbd-maps.com\/?post_type=product&#038;p=11472"},"modified":"2024-03-20T11:13:30","modified_gmt":"2024-03-20T11:13:30","slug":"dispensador-de-50-unidades","status":"publish","type":"product","link":"https:\/\/cbd-maps.com\/pt\/produit\/distributeur-50-items\/","title":{"rendered":"Dispensador (50 artigos)"},"content":{"rendered":"","protected":false},"excerpt":{"rendered":"<p>Gere v\u00e1rias lojas? \u00c9 um distribuidor que precisa de listar v\u00e1rias empresas? Ent\u00e3o esta subscri\u00e7\u00e3o \u00e9 para si.<\/p>\n<p>&nbsp;<\/p>\n<blockquote><p><strong>Com a subscri\u00e7\u00e3o CBD MAPS \"Distribuidor x 50\", pode gerir at\u00e9 50 ficheiros de empresas e ter o m\u00e1ximo de op\u00e7\u00f5es de personaliza\u00e7\u00e3o!<\/strong><\/p><\/blockquote>\n<p>&nbsp;<\/p>\n<p>Pode consultar a tabela abaixo para ver os detalhes do que esta subscri\u00e7\u00e3o lhe oferece e\/ou ler as condi\u00e7\u00f5es desta subscri\u00e7\u00e3o. <a href=\"https:\/\/cbd-maps.com\/abonnement-distributeur-x-50-conditions\/\">ICI<\/a>.<\/p>\n<hr \/>\n<p><span style=\"color: #7d829f;\"><b>Se \u00e9 um empres\u00e1rio independente, produtor ou gestor de uma \u00fanica loja, opte por <a href=\"https:\/\/cbd-maps.com\/abonnements\/\">subscri\u00e7\u00e3o \"comerciante<\/a><\/b><\/span><\/p>","protected":false},"featured_media":13862,"template":"","meta":[],"product_brand":[],"product_cat":[368],"product_tag":[],"class_list":{"0":"post-11472","1":"product","2":"type-product","3":"status-publish","4":"has-post-thumbnail","6":"product_cat-abonnements-cbdmaps","8":"first","9":"instock","10":"shipping-taxable","11":"purchasable","12":"product-type-variable-subscription"},"yoast_head":"<!-- This site is optimized with the Yoast SEO plugin v27.5 - https:\/\/yoast.com\/product\/yoast-seo-wordpress\/ -->\n<title>Abonnement Distributeur ? Customisez 50 fiches CBDMAPS !<\/title>\n<meta name=\"description\" content=\"Abonnement Distributeur ? Images, Horaire d&#039;ouverture, Liens, Cat\u00e9gories, Avis... Customisez vos 50 fiches CBDMAPS comme bon vous semble !\" \/>\n<meta name=\"robots\" content=\"index, follow, max-snippet:-1, max-image-preview:large, max-video-preview:-1\" \/>\n<link rel=\"canonical\" href=\"https:\/\/cbd-maps.com\/pt\/produto\/dispensador-de-50-unidades\/\" \/>\n<meta property=\"og:locale\" content=\"pt_PT\" \/>\n<meta property=\"og:type\" content=\"article\" \/>\n<meta property=\"og:title\" content=\"Abonnement Distributeur ? Customisez 50 fiches CBDMAPS !\" \/>\n<meta property=\"og:description\" content=\"Abonnement Distributeur ? Images, Horaire d&#039;ouverture, Liens, Cat\u00e9gories, Avis... Customisez vos 50 fiches CBDMAPS comme bon vous semble !\" \/>\n<meta property=\"og:url\" content=\"https:\/\/cbd-maps.com\/pt\/produto\/dispensador-de-50-unidades\/\" \/>\n<meta property=\"og:site_name\" content=\"CBDMAPS\" \/>\n<meta property=\"article:modified_time\" content=\"2024-03-20T11:13:30+00:00\" \/>\n<meta property=\"og:image\" content=\"https:\/\/cbd-maps.com\/wp-content\/uploads\/COMPTE-DISTRIBUTEUR-x-50.png\" \/>\n\t<meta property=\"og:image:width\" content=\"810\" \/>\n\t<meta property=\"og:image:height\" content=\"810\" \/>\n\t<meta property=\"og:image:type\" content=\"image\/png\" \/>\n<meta name=\"twitter:card\" content=\"summary_large_image\" \/>\n<script type=\"application\/ld+json\" class=\"yoast-schema-graph\">{\"@context\":\"https:\\\/\\\/schema.org\",\"@graph\":[{\"@type\":\"WebPage\",\"@id\":\"https:\\\/\\\/cbd-maps.com\\\/produit\\\/distributeur-50-items\\\/\",\"url\":\"https:\\\/\\\/cbd-maps.com\\\/produit\\\/distributeur-50-items\\\/\",\"name\":\"Abonnement Distributeur ? Customisez 50 fiches CBDMAPS !\",\"isPartOf\":{\"@id\":\"https:\\\/\\\/cbd-maps.com\\\/en\\\/#website\"},\"primaryImageOfPage\":{\"@id\":\"https:\\\/\\\/cbd-maps.com\\\/produit\\\/distributeur-50-items\\\/#primaryimage\"},\"image\":{\"@id\":\"https:\\\/\\\/cbd-maps.com\\\/produit\\\/distributeur-50-items\\\/#primaryimage\"},\"thumbnailUrl\":\"https:\\\/\\\/cbd-maps.com\\\/wp-content\\\/uploads\\\/COMPTE-DISTRIBUTEUR-x-50.png\",\"datePublished\":\"2022-07-12T10:05:49+00:00\",\"dateModified\":\"2024-03-20T11:13:30+00:00\",\"description\":\"Abonnement Distributeur ? Images, Horaire d'ouverture, Liens, Cat\u00e9gories, Avis... Customisez vos 50 fiches CBDMAPS comme bon vous semble !\",\"breadcrumb\":{\"@id\":\"https:\\\/\\\/cbd-maps.com\\\/produit\\\/distributeur-50-items\\\/#breadcrumb\"},\"inLanguage\":\"pt-PT\",\"potentialAction\":[{\"@type\":\"ReadAction\",\"target\":[\"https:\\\/\\\/cbd-maps.com\\\/produit\\\/distributeur-50-items\\\/\"]}]},{\"@type\":\"ImageObject\",\"inLanguage\":\"pt-PT\",\"@id\":\"https:\\\/\\\/cbd-maps.com\\\/produit\\\/distributeur-50-items\\\/#primaryimage\",\"url\":\"https:\\\/\\\/cbd-maps.com\\\/wp-content\\\/uploads\\\/COMPTE-DISTRIBUTEUR-x-50.png\",\"contentUrl\":\"https:\\\/\\\/cbd-maps.com\\\/wp-content\\\/uploads\\\/COMPTE-DISTRIBUTEUR-x-50.png\",\"width\":810,\"height\":810},{\"@type\":\"BreadcrumbList\",\"@id\":\"https:\\\/\\\/cbd-maps.com\\\/produit\\\/distributeur-50-items\\\/#breadcrumb\",\"itemListElement\":[{\"@type\":\"ListItem\",\"position\":1,\"name\":\"Accueil\",\"item\":\"https:\\\/\\\/cbd-maps.com\\\/\"},{\"@type\":\"ListItem\",\"position\":2,\"name\":\"Shop\",\"item\":\"https:\\\/\\\/cbd-maps.com\\\/shop\\\/\"},{\"@type\":\"ListItem\",\"position\":3,\"name\":\"Distributeur (50 items)\"}]},{\"@type\":\"WebSite\",\"@id\":\"https:\\\/\\\/cbd-maps.com\\\/en\\\/#website\",\"url\":\"https:\\\/\\\/cbd-maps.com\\\/en\\\/\",\"name\":\"CBDMAPS\",\"description\":\"Connecting Hemp People\",\"publisher\":{\"@id\":\"https:\\\/\\\/cbd-maps.com\\\/en\\\/#organization\"},\"alternateName\":\"CBD MAPS\",\"potentialAction\":[{\"@type\":\"SearchAction\",\"target\":{\"@type\":\"EntryPoint\",\"urlTemplate\":\"https:\\\/\\\/cbd-maps.com\\\/en\\\/?s={search_term_string}\"},\"query-input\":{\"@type\":\"PropertyValueSpecification\",\"valueRequired\":true,\"valueName\":\"search_term_string\"}}],\"inLanguage\":\"pt-PT\"},{\"@type\":\"Organization\",\"@id\":\"https:\\\/\\\/cbd-maps.com\\\/en\\\/#organization\",\"name\":\"CBDMAPS\",\"url\":\"https:\\\/\\\/cbd-maps.com\\\/en\\\/\",\"logo\":{\"@type\":\"ImageObject\",\"inLanguage\":\"pt-PT\",\"@id\":\"https:\\\/\\\/cbd-maps.com\\\/en\\\/#\\\/schema\\\/logo\\\/image\\\/\",\"url\":\"https:\\\/\\\/cbd-maps.com\\\/wp-content\\\/uploads\\\/CBDMAPS-TEXT-BASIC-LOGO-WHITE-1000x1000.png.png\",\"contentUrl\":\"https:\\\/\\\/cbd-maps.com\\\/wp-content\\\/uploads\\\/CBDMAPS-TEXT-BASIC-LOGO-WHITE-1000x1000.png.png\",\"width\":1000,\"height\":1000,\"caption\":\"CBDMAPS\"},\"image\":{\"@id\":\"https:\\\/\\\/cbd-maps.com\\\/en\\\/#\\\/schema\\\/logo\\\/image\\\/\"}}]}<\/script>\n<!-- \/ Yoast SEO plugin. -->","yoast_head_json":{"title":"Assinatura de distribuidor ? Personalize 50 cart\u00f5es CBDMAPS!","description":"Assinatura do distribuidor ? Imagens, hor\u00e1rios de abertura, liga\u00e7\u00f5es, categorias, cr\u00edticas... Personalize os seus 50 ficheiros CBDMAPS como desejar!","robots":{"index":"index","follow":"follow","max-snippet":"max-snippet:-1","max-image-preview":"max-image-preview:large","max-video-preview":"max-video-preview:-1"},"canonical":"https:\/\/cbd-maps.com\/pt\/produto\/dispensador-de-50-unidades\/","og_locale":"pt_PT","og_type":"article","og_title":"Abonnement Distributeur ? Customisez 50 fiches CBDMAPS !","og_description":"Abonnement Distributeur ? Images, Horaire d'ouverture, Liens, Cat\u00e9gories, Avis... Customisez vos 50 fiches CBDMAPS comme bon vous semble !","og_url":"https:\/\/cbd-maps.com\/pt\/produto\/dispensador-de-50-unidades\/","og_site_name":"CBDMAPS","article_modified_time":"2024-03-20T11:13:30+00:00","og_image":[{"width":810,"height":810,"url":"https:\/\/cbd-maps.com\/wp-content\/uploads\/COMPTE-DISTRIBUTEUR-x-50.png","type":"image\/png"}],"twitter_card":"summary_large_image","schema":{"@context":"https:\/\/schema.org","@graph":[{"@type":"WebPage","@id":"https:\/\/cbd-maps.com\/produit\/distributeur-50-items\/","url":"https:\/\/cbd-maps.com\/produit\/distributeur-50-items\/","name":"Assinatura de distribuidor ? Personalize 50 cart\u00f5es CBDMAPS!","isPartOf":{"@id":"https:\/\/cbd-maps.com\/en\/#website"},"primaryImageOfPage":{"@id":"https:\/\/cbd-maps.com\/produit\/distributeur-50-items\/#primaryimage"},"image":{"@id":"https:\/\/cbd-maps.com\/produit\/distributeur-50-items\/#primaryimage"},"thumbnailUrl":"https:\/\/cbd-maps.com\/wp-content\/uploads\/COMPTE-DISTRIBUTEUR-x-50.png","datePublished":"2022-07-12T10:05:49+00:00","dateModified":"2024-03-20T11:13:30+00:00","description":"Assinatura do distribuidor ? Imagens, hor\u00e1rios de abertura, liga\u00e7\u00f5es, categorias, cr\u00edticas... Personalize os seus 50 ficheiros CBDMAPS como desejar!","breadcrumb":{"@id":"https:\/\/cbd-maps.com\/produit\/distributeur-50-items\/#breadcrumb"},"inLanguage":"pt-PT","potentialAction":[{"@type":"ReadAction","target":["https:\/\/cbd-maps.com\/produit\/distributeur-50-items\/"]}]},{"@type":"ImageObject","inLanguage":"pt-PT","@id":"https:\/\/cbd-maps.com\/produit\/distributeur-50-items\/#primaryimage","url":"https:\/\/cbd-maps.com\/wp-content\/uploads\/COMPTE-DISTRIBUTEUR-x-50.png","contentUrl":"https:\/\/cbd-maps.com\/wp-content\/uploads\/COMPTE-DISTRIBUTEUR-x-50.png","width":810,"height":810},{"@type":"BreadcrumbList","@id":"https:\/\/cbd-maps.com\/produit\/distributeur-50-items\/#breadcrumb","itemListElement":[{"@type":"ListItem","position":1,"name":"Accueil","item":"https:\/\/cbd-maps.com\/"},{"@type":"ListItem","position":2,"name":"Shop","item":"https:\/\/cbd-maps.com\/shop\/"},{"@type":"ListItem","position":3,"name":"Distributeur (50 items)"}]},{"@type":"WebSite","@id":"https:\/\/cbd-maps.com\/en\/#website","url":"https:\/\/cbd-maps.com\/en\/","name":"CBDMAPS","description":"Liga\u00e7\u00e3o de pessoas de c\u00e2nhamo","publisher":{"@id":"https:\/\/cbd-maps.com\/en\/#organization"},"alternateName":"CBD MAPS","potentialAction":[{"@type":"SearchAction","target":{"@type":"EntryPoint","urlTemplate":"https:\/\/cbd-maps.com\/en\/?s={search_term_string}"},"query-input":{"@type":"PropertyValueSpecification","valueRequired":true,"valueName":"search_term_string"}}],"inLanguage":"pt-PT"},{"@type":"Organization","@id":"https:\/\/cbd-maps.com\/en\/#organization","name":"CBDMAPS","url":"https:\/\/cbd-maps.com\/en\/","logo":{"@type":"ImageObject","inLanguage":"pt-PT","@id":"https:\/\/cbd-maps.com\/en\/#\/schema\/logo\/image\/","url":"https:\/\/cbd-maps.com\/wp-content\/uploads\/CBDMAPS-TEXT-BASIC-LOGO-WHITE-1000x1000.png.png","contentUrl":"https:\/\/cbd-maps.com\/wp-content\/uploads\/CBDMAPS-TEXT-BASIC-LOGO-WHITE-1000x1000.png.png","width":1000,"height":1000,"caption":"CBDMAPS"},"image":{"@id":"https:\/\/cbd-maps.com\/en\/#\/schema\/logo\/image\/"}}]}},"_links":{"self":[{"href":"https:\/\/cbd-maps.com\/pt\/wp-json\/wp\/v2\/product\/11472","targetHints":{"allow":["GET"]}}],"collection":[{"href":"https:\/\/cbd-maps.com\/pt\/wp-json\/wp\/v2\/product"}],"about":[{"href":"https:\/\/cbd-maps.com\/pt\/wp-json\/wp\/v2\/types\/product"}],"wp:featuredmedia":[{"embeddable":true,"href":"https:\/\/cbd-maps.com\/pt\/wp-json\/wp\/v2\/media\/13862"}],"wp:attachment":[{"href":"https:\/\/cbd-maps.com\/pt\/wp-json\/wp\/v2\/media?parent=11472"}],"wp:term":[{"taxonomy":"product_brand","embeddable":true,"href":"https:\/\/cbd-maps.com\/pt\/wp-json\/wp\/v2\/product_brand?post=11472"},{"taxonomy":"product_cat","embeddable":true,"href":"https:\/\/cbd-maps.com\/pt\/wp-json\/wp\/v2\/product_cat?post=11472"},{"taxonomy":"product_tag","embeddable":true,"href":"https:\/\/cbd-maps.com\/pt\/wp-json\/wp\/v2\/product_tag?post=11472"}],"curies":[{"name":"wp","href":"https:\/\/api.w.org\/{rel}","templated":true}]}}