{"id":11475,"date":"2022-07-12T10:07:04","date_gmt":"2022-07-12T10:07:04","guid":{"rendered":"https:\/\/cbd-maps.com\/?post_type=product&#038;p=11475"},"modified":"2024-03-20T11:13:39","modified_gmt":"2024-03-20T11:13:39","slug":"comercio-de-base","status":"publish","type":"product","link":"https:\/\/cbd-maps.com\/pt\/produit\/commerce-basic\/","title":{"rendered":"Com\u00e9rcio (b\u00e1sico)"},"content":{"rendered":"<table dir=\"ltr\" border=\"1\" cellspacing=\"0\" cellpadding=\"0\">\n<colgroup>\n<col width=\"284\" \/>\n<col width=\"434\" \/><\/colgroup>\n<tbody>\n<tr>\n<td data-sheets-value=\"{&quot;1&quot;:2,&quot;2&quot;:&quot;NOMBRE DE FICHES&quot;}\">N\u00daMERO DE CART\u00d5ES<\/td>\n<td data-sheets-value=\"{&quot;1&quot;:3,&quot;3&quot;:1}\">1<\/td>\n<\/tr>\n<tr>\n<td data-sheets-value=\"{&quot;1&quot;:2,&quot;2&quot;:&quot;ABONEMENTS DISPONIBLES EN CONTRAT&quot;}\">SUBSCRI\u00c7\u00d5ES DISPON\u00cdVEIS MEDIANTE CONTRATO<\/td>\n<td data-sheets-value=\"{&quot;1&quot;:2,&quot;2&quot;:&quot;12 Mois | 24 Mois&quot;}\">12 meses | 24 meses<\/td>\n<\/tr>\n<tr>\n<td data-sheets-value=\"{&quot;1&quot;:2,&quot;2&quot;:&quot;D\u00c9FINIR CAT\u00c9GORIES&quot;}\">DEFINIR CATEGORIAS<\/td>\n<td data-sheets-value=\"{&quot;1&quot;:2,&quot;2&quot;:&quot;Verrouiller sur \\&quot;Commer\u00e7ant\\&quot;&quot;}\">Bloqueio em \"Comerciante<\/td>\n<\/tr>\n<tr>\n<td data-sheets-value=\"{&quot;1&quot;:2,&quot;2&quot;:&quot;CUSTOMISER DESCRIPTION&quot;}\">PERSONALIZAR A DESCRI\u00c7\u00c3O<\/td>\n<td data-sheets-value=\"{&quot;1&quot;:2,&quot;2&quot;:&quot;INCLUS&quot;}\">INCLU\u00cdDO<\/td>\n<\/tr>\n<tr>\n<td data-sheets-value=\"{&quot;1&quot;:2,&quot;2&quot;:&quot;D\u00c9FINIR LIEU (EMPLACEMENT)&quot;}\">DEFINIR LUGAR (LOCALIZA\u00c7\u00c3O)<\/td>\n<td data-sheets-value=\"{&quot;1&quot;:2,&quot;2&quot;:&quot;INCLUS&quot;}\">INCLU\u00cdDO<\/td>\n<\/tr>\n<tr>\n<td data-sheets-value=\"{&quot;1&quot;:2,&quot;2&quot;:&quot;G\u00c9RER AVIS&quot;}\">MANUSEAR AVISO<\/td>\n<td data-sheets-value=\"{&quot;1&quot;:2,&quot;2&quot;:&quot;NON INCLUS&quot;}\">N\u00c3O INCLU\u00cdDO<\/td>\n<\/tr>\n<tr>\n<td data-sheets-value=\"{&quot;1&quot;:2,&quot;2&quot;:&quot;CUSTOMISER FICHE(S) OPTION(S)&quot;}\">PERSONALIZAR A(S) FOLHA(S) DE OP\u00c7\u00d5ES<\/td>\n<td data-sheets-value=\"{&quot;1&quot;:2,&quot;2&quot;:&quot;NON INCLUS&quot;}\">N\u00c3O INCLU\u00cdDO<\/td>\n<\/tr>\n<tr>\n<td data-sheets-value=\"{&quot;1&quot;:2,&quot;2&quot;:&quot;CUSTOMISER IMAGES&quot;}\">PERSONALIZAR IMAGENS<\/td>\n<td data-sheets-value=\"{&quot;1&quot;:2,&quot;2&quot;:&quot;NON INCLUS&quot;}\">N\u00c3O INCLU\u00cdDO<\/td>\n<\/tr>\n<tr>\n<td data-sheets-value=\"{&quot;1&quot;:2,&quot;2&quot;:&quot;D\u00c9FINIR INFO(S) DE CONTACT(S)&quot;}\">DEFINIR O(S) CONTACTO(S)<\/td>\n<td data-sheets-value=\"{&quot;1&quot;:2,&quot;2&quot;:&quot;INCLUS : D\u00e9finir Contact | Localisation&quot;}\">INCLU\u00cdDO: Definir Contacto | Localiza\u00e7\u00e3o<\/td>\n<\/tr>\n<\/tbody>\n<\/table>","protected":false},"excerpt":{"rendered":"<p>Para: SARLs, lojas, lojas biol\u00f3gicas, s\u00edtios de com\u00e9rcio eletr\u00f3nico, empres\u00e1rios independentes,<\/p>\n<blockquote><p><strong>Ideal se for uma pequena ou m\u00e9dia empresa, esta subscri\u00e7\u00e3o permite-lhe gerir um \u00fanico ficheiro CBD MAPS, mas com vantagens espec\u00edficas para os retalhistas<\/strong><\/p><\/blockquote>\n<p>Pode consultar a tabela abaixo para ver os detalhes do que esta subscri\u00e7\u00e3o lhe oferece e\/ou ler as condi\u00e7\u00f5es desta subscri\u00e7\u00e3o. <a href=\"https:\/\/cbd-maps.com\/commercant-abonnement-conditions\/\">ICI<\/a>.<\/p>\n<hr \/>\n<p><span style=\"color: #7d829f;\"><strong>Se gere um grande n\u00famero de lojas ou empresas, experimente <a href=\"https:\/\/cbd-maps.com\/abonnements\/\">subscri\u00e7\u00e3o \"distribuidor<\/a><\/strong><\/span><\/p>","protected":false},"featured_media":13859,"template":"","meta":[],"product_brand":[],"product_cat":[368],"product_tag":[],"class_list":{"0":"post-11475","1":"product","2":"type-product","3":"status-publish","4":"has-post-thumbnail","6":"product_cat-abonnements-cbdmaps","8":"first","9":"instock","10":"shipping-taxable","11":"purchasable","12":"product-type-variable-subscription"},"yoast_head":"<!-- This site is optimized with the Yoast SEO plugin v27.3 - https:\/\/yoast.com\/product\/yoast-seo-wordpress\/ -->\n<title>Abonnements Commerce ? Customisez votre fiche CBDMAPS<\/title>\n<meta name=\"description\" content=\"Commerce : Cet abonnement vous permet de g\u00e9rer une seule fiche CBDMAPS, mais avec des avantages propres aux commerces\/commer\u00e7ants.\" \/>\n<meta name=\"robots\" content=\"index, follow, max-snippet:-1, max-image-preview:large, max-video-preview:-1\" \/>\n<link rel=\"canonical\" href=\"https:\/\/cbd-maps.com\/pt\/produto\/comercio-de-base\/\" \/>\n<meta property=\"og:locale\" content=\"pt_PT\" \/>\n<meta property=\"og:type\" content=\"article\" \/>\n<meta property=\"og:title\" content=\"Abonnements Commerce ? Customisez votre fiche CBDMAPS\" \/>\n<meta property=\"og:description\" content=\"Commerce : Cet abonnement vous permet de g\u00e9rer une seule fiche CBDMAPS, mais avec des avantages propres aux commerces\/commer\u00e7ants.\" \/>\n<meta property=\"og:url\" content=\"https:\/\/cbd-maps.com\/pt\/produto\/comercio-de-base\/\" \/>\n<meta property=\"og:site_name\" content=\"CBDMAPS\" \/>\n<meta property=\"article:modified_time\" content=\"2024-03-20T11:13:39+00:00\" \/>\n<meta property=\"og:image\" content=\"https:\/\/cbd-maps.com\/wp-content\/uploads\/COMPTE-COMMERCANT.png\" \/>\n\t<meta property=\"og:image:width\" content=\"810\" \/>\n\t<meta property=\"og:image:height\" content=\"810\" \/>\n\t<meta property=\"og:image:type\" content=\"image\/png\" \/>\n<meta name=\"twitter:card\" content=\"summary_large_image\" \/>\n<meta name=\"twitter:label1\" content=\"Tempo estimado de leitura\" \/>\n\t<meta name=\"twitter:data1\" content=\"2 minutos\" \/>\n<script type=\"application\/ld+json\" class=\"yoast-schema-graph\">{\"@context\":\"https:\\\/\\\/schema.org\",\"@graph\":[{\"@type\":\"WebPage\",\"@id\":\"https:\\\/\\\/cbd-maps.com\\\/produit\\\/commerce-basic\\\/\",\"url\":\"https:\\\/\\\/cbd-maps.com\\\/produit\\\/commerce-basic\\\/\",\"name\":\"Abonnements Commerce ? Customisez votre fiche CBDMAPS\",\"isPartOf\":{\"@id\":\"https:\\\/\\\/cbd-maps.com\\\/en\\\/#website\"},\"primaryImageOfPage\":{\"@id\":\"https:\\\/\\\/cbd-maps.com\\\/produit\\\/commerce-basic\\\/#primaryimage\"},\"image\":{\"@id\":\"https:\\\/\\\/cbd-maps.com\\\/produit\\\/commerce-basic\\\/#primaryimage\"},\"thumbnailUrl\":\"https:\\\/\\\/cbd-maps.com\\\/wp-content\\\/uploads\\\/COMPTE-COMMERCANT.png\",\"datePublished\":\"2022-07-12T10:07:04+00:00\",\"dateModified\":\"2024-03-20T11:13:39+00:00\",\"description\":\"Commerce : Cet abonnement vous permet de g\u00e9rer une seule fiche CBDMAPS, mais avec des avantages propres aux commerces\\\/commer\u00e7ants.\",\"breadcrumb\":{\"@id\":\"https:\\\/\\\/cbd-maps.com\\\/produit\\\/commerce-basic\\\/#breadcrumb\"},\"inLanguage\":\"pt-PT\",\"potentialAction\":[{\"@type\":\"ReadAction\",\"target\":[\"https:\\\/\\\/cbd-maps.com\\\/produit\\\/commerce-basic\\\/\"]}]},{\"@type\":\"ImageObject\",\"inLanguage\":\"pt-PT\",\"@id\":\"https:\\\/\\\/cbd-maps.com\\\/produit\\\/commerce-basic\\\/#primaryimage\",\"url\":\"https:\\\/\\\/cbd-maps.com\\\/wp-content\\\/uploads\\\/COMPTE-COMMERCANT.png\",\"contentUrl\":\"https:\\\/\\\/cbd-maps.com\\\/wp-content\\\/uploads\\\/COMPTE-COMMERCANT.png\",\"width\":810,\"height\":810},{\"@type\":\"BreadcrumbList\",\"@id\":\"https:\\\/\\\/cbd-maps.com\\\/produit\\\/commerce-basic\\\/#breadcrumb\",\"itemListElement\":[{\"@type\":\"ListItem\",\"position\":1,\"name\":\"Accueil\",\"item\":\"https:\\\/\\\/cbd-maps.com\\\/\"},{\"@type\":\"ListItem\",\"position\":2,\"name\":\"Shop\",\"item\":\"https:\\\/\\\/cbd-maps.com\\\/shop\\\/\"},{\"@type\":\"ListItem\",\"position\":3,\"name\":\"Commerce (Basic)\"}]},{\"@type\":\"WebSite\",\"@id\":\"https:\\\/\\\/cbd-maps.com\\\/en\\\/#website\",\"url\":\"https:\\\/\\\/cbd-maps.com\\\/en\\\/\",\"name\":\"CBDMAPS\",\"description\":\"Connecting Hemp People\",\"publisher\":{\"@id\":\"https:\\\/\\\/cbd-maps.com\\\/en\\\/#organization\"},\"alternateName\":\"CBD MAPS\",\"potentialAction\":[{\"@type\":\"SearchAction\",\"target\":{\"@type\":\"EntryPoint\",\"urlTemplate\":\"https:\\\/\\\/cbd-maps.com\\\/en\\\/?s={search_term_string}\"},\"query-input\":{\"@type\":\"PropertyValueSpecification\",\"valueRequired\":true,\"valueName\":\"search_term_string\"}}],\"inLanguage\":\"pt-PT\"},{\"@type\":\"Organization\",\"@id\":\"https:\\\/\\\/cbd-maps.com\\\/en\\\/#organization\",\"name\":\"CBDMAPS\",\"url\":\"https:\\\/\\\/cbd-maps.com\\\/en\\\/\",\"logo\":{\"@type\":\"ImageObject\",\"inLanguage\":\"pt-PT\",\"@id\":\"https:\\\/\\\/cbd-maps.com\\\/en\\\/#\\\/schema\\\/logo\\\/image\\\/\",\"url\":\"https:\\\/\\\/cbd-maps.com\\\/wp-content\\\/uploads\\\/CBDMAPS-TEXT-BASIC-LOGO-WHITE-1000x1000.png.png\",\"contentUrl\":\"https:\\\/\\\/cbd-maps.com\\\/wp-content\\\/uploads\\\/CBDMAPS-TEXT-BASIC-LOGO-WHITE-1000x1000.png.png\",\"width\":1000,\"height\":1000,\"caption\":\"CBDMAPS\"},\"image\":{\"@id\":\"https:\\\/\\\/cbd-maps.com\\\/en\\\/#\\\/schema\\\/logo\\\/image\\\/\"}}]}<\/script>\n<!-- \/ Yoast SEO plugin. -->","yoast_head_json":{"title":"Subscri\u00e7\u00f5es comerciais ? Personalize o seu ficheiro CBDMAPS","description":"Business: Esta subscri\u00e7\u00e3o permite-lhe gerir um \u00fanico ficheiro CBDMAPS, mas com vantagens espec\u00edficas para as empresas\/comerciantes.","robots":{"index":"index","follow":"follow","max-snippet":"max-snippet:-1","max-image-preview":"max-image-preview:large","max-video-preview":"max-video-preview:-1"},"canonical":"https:\/\/cbd-maps.com\/pt\/produto\/comercio-de-base\/","og_locale":"pt_PT","og_type":"article","og_title":"Abonnements Commerce ? Customisez votre fiche CBDMAPS","og_description":"Commerce : Cet abonnement vous permet de g\u00e9rer une seule fiche CBDMAPS, mais avec des avantages propres aux commerces\/commer\u00e7ants.","og_url":"https:\/\/cbd-maps.com\/pt\/produto\/comercio-de-base\/","og_site_name":"CBDMAPS","article_modified_time":"2024-03-20T11:13:39+00:00","og_image":[{"width":810,"height":810,"url":"https:\/\/cbd-maps.com\/wp-content\/uploads\/COMPTE-COMMERCANT.png","type":"image\/png"}],"twitter_card":"summary_large_image","twitter_misc":{"Tempo estimado de leitura":"2 minutos"},"schema":{"@context":"https:\/\/schema.org","@graph":[{"@type":"WebPage","@id":"https:\/\/cbd-maps.com\/produit\/commerce-basic\/","url":"https:\/\/cbd-maps.com\/produit\/commerce-basic\/","name":"Subscri\u00e7\u00f5es comerciais ? Personalize o seu ficheiro CBDMAPS","isPartOf":{"@id":"https:\/\/cbd-maps.com\/en\/#website"},"primaryImageOfPage":{"@id":"https:\/\/cbd-maps.com\/produit\/commerce-basic\/#primaryimage"},"image":{"@id":"https:\/\/cbd-maps.com\/produit\/commerce-basic\/#primaryimage"},"thumbnailUrl":"https:\/\/cbd-maps.com\/wp-content\/uploads\/COMPTE-COMMERCANT.png","datePublished":"2022-07-12T10:07:04+00:00","dateModified":"2024-03-20T11:13:39+00:00","description":"Business: Esta subscri\u00e7\u00e3o permite-lhe gerir um \u00fanico ficheiro CBDMAPS, mas com vantagens espec\u00edficas para as empresas\/comerciantes.","breadcrumb":{"@id":"https:\/\/cbd-maps.com\/produit\/commerce-basic\/#breadcrumb"},"inLanguage":"pt-PT","potentialAction":[{"@type":"ReadAction","target":["https:\/\/cbd-maps.com\/produit\/commerce-basic\/"]}]},{"@type":"ImageObject","inLanguage":"pt-PT","@id":"https:\/\/cbd-maps.com\/produit\/commerce-basic\/#primaryimage","url":"https:\/\/cbd-maps.com\/wp-content\/uploads\/COMPTE-COMMERCANT.png","contentUrl":"https:\/\/cbd-maps.com\/wp-content\/uploads\/COMPTE-COMMERCANT.png","width":810,"height":810},{"@type":"BreadcrumbList","@id":"https:\/\/cbd-maps.com\/produit\/commerce-basic\/#breadcrumb","itemListElement":[{"@type":"ListItem","position":1,"name":"Accueil","item":"https:\/\/cbd-maps.com\/"},{"@type":"ListItem","position":2,"name":"Shop","item":"https:\/\/cbd-maps.com\/shop\/"},{"@type":"ListItem","position":3,"name":"Commerce (Basic)"}]},{"@type":"WebSite","@id":"https:\/\/cbd-maps.com\/en\/#website","url":"https:\/\/cbd-maps.com\/en\/","name":"CBDMAPS","description":"Liga\u00e7\u00e3o de pessoas de c\u00e2nhamo","publisher":{"@id":"https:\/\/cbd-maps.com\/en\/#organization"},"alternateName":"CBD MAPS","potentialAction":[{"@type":"SearchAction","target":{"@type":"EntryPoint","urlTemplate":"https:\/\/cbd-maps.com\/en\/?s={search_term_string}"},"query-input":{"@type":"PropertyValueSpecification","valueRequired":true,"valueName":"search_term_string"}}],"inLanguage":"pt-PT"},{"@type":"Organization","@id":"https:\/\/cbd-maps.com\/en\/#organization","name":"CBDMAPS","url":"https:\/\/cbd-maps.com\/en\/","logo":{"@type":"ImageObject","inLanguage":"pt-PT","@id":"https:\/\/cbd-maps.com\/en\/#\/schema\/logo\/image\/","url":"https:\/\/cbd-maps.com\/wp-content\/uploads\/CBDMAPS-TEXT-BASIC-LOGO-WHITE-1000x1000.png.png","contentUrl":"https:\/\/cbd-maps.com\/wp-content\/uploads\/CBDMAPS-TEXT-BASIC-LOGO-WHITE-1000x1000.png.png","width":1000,"height":1000,"caption":"CBDMAPS"},"image":{"@id":"https:\/\/cbd-maps.com\/en\/#\/schema\/logo\/image\/"}}]}},"_links":{"self":[{"href":"https:\/\/cbd-maps.com\/pt\/wp-json\/wp\/v2\/product\/11475","targetHints":{"allow":["GET"]}}],"collection":[{"href":"https:\/\/cbd-maps.com\/pt\/wp-json\/wp\/v2\/product"}],"about":[{"href":"https:\/\/cbd-maps.com\/pt\/wp-json\/wp\/v2\/types\/product"}],"wp:featuredmedia":[{"embeddable":true,"href":"https:\/\/cbd-maps.com\/pt\/wp-json\/wp\/v2\/media\/13859"}],"wp:attachment":[{"href":"https:\/\/cbd-maps.com\/pt\/wp-json\/wp\/v2\/media?parent=11475"}],"wp:term":[{"taxonomy":"product_brand","embeddable":true,"href":"https:\/\/cbd-maps.com\/pt\/wp-json\/wp\/v2\/product_brand?post=11475"},{"taxonomy":"product_cat","embeddable":true,"href":"https:\/\/cbd-maps.com\/pt\/wp-json\/wp\/v2\/product_cat?post=11475"},{"taxonomy":"product_tag","embeddable":true,"href":"https:\/\/cbd-maps.com\/pt\/wp-json\/wp\/v2\/product_tag?post=11475"}],"curies":[{"name":"wp","href":"https:\/\/api.w.org\/{rel}","templated":true}]}}